{"id":24850,"date":"2020-10-05T11:45:04","date_gmt":"2020-10-05T08:45:04","guid":{"rendered":"https:\/\/www.radiomarket.fi\/tuote\/ekua0055-ising-jpc-1000\/"},"modified":"2020-10-05T11:45:04","modified_gmt":"2020-10-05T08:45:04","slug":"ekua0055-ising-jpc-1000","status":"publish","type":"product","link":"https:\/\/www.radiomarket.fi\/en\/kohde\/ekua0055-ising-jpc-1000\/","title":{"rendered":"EKUA0055 Ising JPc\/1000"},"content":{"rendered":"Nahkaisessa laukussa, Priima. V\u00e4l\u00e4hti testattaessa kerran, ehk\u00e4 polttimo paloi.","protected":false},"excerpt":{"rendered":"<p>Nahkaisessa laukussa, Priima. V\u00e4l\u00e4hti testattaessa kerran, ehk\u00e4 polttimo paloi.<\/p>","protected":false},"featured_media":146,"template":"","meta":[],"_links":{"self":[{"href":"https:\/\/www.radiomarket.fi\/en\/wp-json\/wp\/v2\/product\/24850"}],"collection":[{"href":"https:\/\/www.radiomarket.fi\/en\/wp-json\/wp\/v2\/product"}],"about":[{"href":"https:\/\/www.radiomarket.fi\/en\/wp-json\/wp\/v2\/types\/product"}],"wp:featuredmedia":[{"embeddable":true,"href":"https:\/\/www.radiomarket.fi\/en\/wp-json\/wp\/v2\/media\/146"}],"wp:attachment":[{"href":"https:\/\/www.radiomarket.fi\/en\/wp-json\/wp\/v2\/media?parent=24850"}],"curies":[{"name":"wp","href":"https:\/\/api.w.org\/{rel}","templated":true}]}}