{"id":24854,"date":"2020-10-05T11:45:05","date_gmt":"2020-10-05T08:45:05","guid":{"rendered":"https:\/\/www.radiomarket.fi\/tuote\/ekua0050-ye-data-701-6031e\/"},"modified":"2021-01-25T16:23:22","modified_gmt":"2021-01-25T14:23:22","slug":"ekua0050-ye-data-701-6031e","status":"publish","type":"product","link":"https:\/\/www.radiomarket.fi\/en\/kohde\/ekua0050-ye-data-701-6031e\/","title":{"rendered":"EKUA0050 YE Data 701 6031E"},"content":{"rendered":"K\u00e4yt\u00f6st\u00e4 varastoitu.","protected":false},"excerpt":{"rendered":"<p>K\u00e4yt\u00f6st\u00e4 varastoitu.<\/p>","protected":false},"featured_media":141,"template":"","meta":[],"_links":{"self":[{"href":"https:\/\/www.radiomarket.fi\/en\/wp-json\/wp\/v2\/product\/24854"}],"collection":[{"href":"https:\/\/www.radiomarket.fi\/en\/wp-json\/wp\/v2\/product"}],"about":[{"href":"https:\/\/www.radiomarket.fi\/en\/wp-json\/wp\/v2\/types\/product"}],"wp:featuredmedia":[{"embeddable":true,"href":"https:\/\/www.radiomarket.fi\/en\/wp-json\/wp\/v2\/media\/141"}],"wp:attachment":[{"href":"https:\/\/www.radiomarket.fi\/en\/wp-json\/wp\/v2\/media?parent=24854"}],"curies":[{"name":"wp","href":"https:\/\/api.w.org\/{rel}","templated":true}]}}