{"id":24858,"date":"2020-10-05T11:45:06","date_gmt":"2020-10-05T08:45:06","guid":{"rendered":"https:\/\/www.radiomarket.fi\/tuote\/ekua0042-commodore-multi-play-c128d\/"},"modified":"2020-12-31T12:46:08","modified_gmt":"2020-12-31T10:46:08","slug":"ekua0042-commodore-multi-play-c128d","status":"publish","type":"product","link":"https:\/\/www.radiomarket.fi\/en\/kohde\/ekua0042-commodore-multi-play-c128d\/","title":{"rendered":"EKUA0042 Commodore multi-play C128D"},"content":{"rendered":"Kuvausta ei saatavilla.","protected":false},"excerpt":{"rendered":"<p>Laitteeseen ei sis\u00e4lly n\u00e4pp\u00e4imist\u00f6\u00e4 tai muita lis\u00e4laitteita.<\/p>","protected":false},"featured_media":130,"template":"","meta":[],"_links":{"self":[{"href":"https:\/\/www.radiomarket.fi\/en\/wp-json\/wp\/v2\/product\/24858"}],"collection":[{"href":"https:\/\/www.radiomarket.fi\/en\/wp-json\/wp\/v2\/product"}],"about":[{"href":"https:\/\/www.radiomarket.fi\/en\/wp-json\/wp\/v2\/types\/product"}],"wp:featuredmedia":[{"embeddable":true,"href":"https:\/\/www.radiomarket.fi\/en\/wp-json\/wp\/v2\/media\/130"}],"wp:attachment":[{"href":"https:\/\/www.radiomarket.fi\/en\/wp-json\/wp\/v2\/media?parent=24858"}],"curies":[{"name":"wp","href":"https:\/\/api.w.org\/{rel}","templated":true}]}}