{"id":24870,"date":"2020-10-05T12:22:24","date_gmt":"2020-10-05T09:22:24","guid":{"rendered":"https:\/\/www.radiomarket.fi\/tuote\/ekua0028-sony-12-transistor-tfm121\/"},"modified":"2022-11-30T19:21:09","modified_gmt":"2022-11-30T17:21:09","slug":"ekua0028-sony-12-transistor-tfm121","status":"publish","type":"product","link":"https:\/\/www.radiomarket.fi\/en\/kohde\/ekua0028-sony-12-transistor-tfm121\/","title":{"rendered":"EKUA0028 Sony 12 transistor TFM121"},"content":{"rendered":"<p>Kahva kadoksissa, kuori rikki, takakannessa ei p\u00e4\u00e4lle n\u00e4kyvi\u00e4 virheit\u00e4, hyv\u00e4 kaiutinverkko, kohtalainen.<\/p>","protected":false},"excerpt":{"rendered":"<p>Kahva kadoksissa, kuori rikki, takakannessa ei p\u00e4\u00e4lle n\u00e4kyvi\u00e4 virheit\u00e4, hyv\u00e4 kaiutinverkko, kohtalainen.<\/p>","protected":false},"featured_media":95,"template":"","meta":[],"_links":{"self":[{"href":"https:\/\/www.radiomarket.fi\/en\/wp-json\/wp\/v2\/product\/24870"}],"collection":[{"href":"https:\/\/www.radiomarket.fi\/en\/wp-json\/wp\/v2\/product"}],"about":[{"href":"https:\/\/www.radiomarket.fi\/en\/wp-json\/wp\/v2\/types\/product"}],"wp:featuredmedia":[{"embeddable":true,"href":"https:\/\/www.radiomarket.fi\/en\/wp-json\/wp\/v2\/media\/95"}],"wp:attachment":[{"href":"https:\/\/www.radiomarket.fi\/en\/wp-json\/wp\/v2\/media?parent=24870"}],"curies":[{"name":"wp","href":"https:\/\/api.w.org\/{rel}","templated":true}]}}