{"id":24882,"date":"2020-10-05T12:22:29","date_gmt":"2020-10-05T09:22:29","guid":{"rendered":"https:\/\/www.radiomarket.fi\/tuote\/ekua0012-loewe-opta-hellas-plastik-841w\/"},"modified":"2022-03-24T10:39:39","modified_gmt":"2022-03-24T08:39:39","slug":"ekua0012-loewe-opta-hellas-plastik-841w","status":"publish","type":"product","link":"https:\/\/www.radiomarket.fi\/en\/kohde\/ekua0012-loewe-opta-hellas-plastik-841w\/","title":{"rendered":"EKUA0012 Loewe-Opta Hellas Plastik 841W"},"content":{"rendered":"<p>Kuntoarvio: \u201cSy\u00f6tt\u00f6johto ja t\u00f6pseli. Putket tai putkivika ei kuulu muuten OK\u201d.<\/p>","protected":false},"excerpt":{"rendered":"<p>Kuntoarvio: \u201cSy\u00f6tt\u00f6johto ja t\u00f6pseli. Putket tai putkivika ei kuulu muuten OK\u201d.<\/p>","protected":false},"featured_media":73,"template":"","meta":[],"_links":{"self":[{"href":"https:\/\/www.radiomarket.fi\/en\/wp-json\/wp\/v2\/product\/24882"}],"collection":[{"href":"https:\/\/www.radiomarket.fi\/en\/wp-json\/wp\/v2\/product"}],"about":[{"href":"https:\/\/www.radiomarket.fi\/en\/wp-json\/wp\/v2\/types\/product"}],"wp:featuredmedia":[{"embeddable":true,"href":"https:\/\/www.radiomarket.fi\/en\/wp-json\/wp\/v2\/media\/73"}],"wp:attachment":[{"href":"https:\/\/www.radiomarket.fi\/en\/wp-json\/wp\/v2\/media?parent=24882"}],"curies":[{"name":"wp","href":"https:\/\/api.w.org\/{rel}","templated":true}]}}