{"id":24885,"date":"2020-10-05T12:22:31","date_gmt":"2020-10-05T09:22:31","guid":{"rendered":"https:\/\/www.radiomarket.fi\/tuote\/ekua0002-asa-cosmos-b-184\/"},"modified":"2021-03-17T12:12:56","modified_gmt":"2021-03-17T10:12:56","slug":"ekua0002-asa-cosmos-b-184","status":"publish","type":"product","link":"https:\/\/www.radiomarket.fi\/en\/kohde\/ekua0002-asa-cosmos-b-184\/","title":{"rendered":"EKUA0002 Asa Cosmos B-184"},"content":{"rendered":"<p>Kotelo puuttuu, koneisto on, nopeudens\u00e4\u00e4din nuppi tallessa. \u00c4\u00e4nivarsi rikki. Moottori jumissa. Puuttu kumitelapy\u00f6r\u00e4. Katso my\u00f6s EKUA9436.<\/p>","protected":false},"excerpt":{"rendered":"<p>Kotelo puuttuu, koneisto on, nopeudens\u00e4\u00e4din nuppi tallessa. \u00c4\u00e4nivarsi rikki. Moottori jumissa. Puuttu kumitelapy\u00f6r\u00e4. Katso my\u00f6s EKUA9436.<\/p>","protected":false},"featured_media":53,"template":"","meta":[],"_links":{"self":[{"href":"https:\/\/www.radiomarket.fi\/en\/wp-json\/wp\/v2\/product\/24885"}],"collection":[{"href":"https:\/\/www.radiomarket.fi\/en\/wp-json\/wp\/v2\/product"}],"about":[{"href":"https:\/\/www.radiomarket.fi\/en\/wp-json\/wp\/v2\/types\/product"}],"wp:featuredmedia":[{"embeddable":true,"href":"https:\/\/www.radiomarket.fi\/en\/wp-json\/wp\/v2\/media\/53"}],"wp:attachment":[{"href":"https:\/\/www.radiomarket.fi\/en\/wp-json\/wp\/v2\/media?parent=24885"}],"curies":[{"name":"wp","href":"https:\/\/api.w.org\/{rel}","templated":true}]}}