{"id":24988,"date":"2020-10-10T14:17:32","date_gmt":"2020-10-10T11:17:32","guid":{"rendered":"https:\/\/www.radiomarket.fi\/?post_type=product&#038;p=24988"},"modified":"2024-05-06T21:53:08","modified_gmt":"2024-05-06T18:53:08","slug":"ekua1105-fisher-st-35vd-levysoitin","status":"publish","type":"product","link":"https:\/\/www.radiomarket.fi\/en\/kohde\/ekua1105-fisher-st-35vd-levysoitin\/","title":{"rendered":"EKUA1105 Fisher ST-35VD levysoitin (EKUM)"},"content":{"rendered":"<p>Ei p\u00f6lykantta. Alkuper\u00e4inen \u00e4\u00e4nirasiamalli, testattu LP-levyll\u00e4 ja soittaa molemmat kanavat, tasapainoa ei erikseen arvioitu. \u00c4\u00e4nivarren automatiikka toimii oikein LP-levyll\u00e4. Mukana alkuper\u00e4inen \u00e4\u00e4nirasian suojus. HUOMIO: P\u00e4\u00e4kuvasta poiketen levysoittimessa on mukana vain alkuper\u00e4inen single-keski\u00f6 joka n\u00e4kyy kaikissa kuvissa kolossaan, ei kahta keski\u00f6t\u00e4.<\/p><p>\u00c4\u00e4nivarsi on lukittavissa paikalleen, levylautanen on lukittu sokalla. Mekanismissa emme huomanneet rahinoita. Kaikki tassut tallella.<\/p>","protected":false},"excerpt":{"rendered":"<p>Ei p\u00f6lykantta. Alkuper\u00e4inen \u00e4\u00e4nirasiamalli, testattu LP-levyll\u00e4 ja soittaa molemmat kanavat, tasapainoa ei erikseen arvioitu. \u00c4\u00e4nivarren automatiikka toimii oikein LP-levyll\u00e4. Mukana alkuper\u00e4inen \u00e4\u00e4nirasian suojus. HUOMIO: P\u00e4\u00e4kuvasta poiketen levysoittimessa on mukana vain alkuper\u00e4inen single-keski\u00f6 joka n\u00e4kyy kaikissa kuvissa kolossaan, ei kahta keski\u00f6t\u00e4.\u00c4\u00e4nivarsi on lukittavissa paikalleen, levylautanen on lukittu sokalla. Mekanismissa emme huomanneet rahinoita. Kaikki tassut tallella.<\/p>","protected":false},"featured_media":24994,"template":"","meta":[],"_links":{"self":[{"href":"https:\/\/www.radiomarket.fi\/en\/wp-json\/wp\/v2\/product\/24988"}],"collection":[{"href":"https:\/\/www.radiomarket.fi\/en\/wp-json\/wp\/v2\/product"}],"about":[{"href":"https:\/\/www.radiomarket.fi\/en\/wp-json\/wp\/v2\/types\/product"}],"wp:featuredmedia":[{"embeddable":true,"href":"https:\/\/www.radiomarket.fi\/en\/wp-json\/wp\/v2\/media\/24994"}],"wp:attachment":[{"href":"https:\/\/www.radiomarket.fi\/en\/wp-json\/wp\/v2\/media?parent=24988"}],"curies":[{"name":"wp","href":"https:\/\/api.w.org\/{rel}","templated":true}]}}