{"id":24999,"date":"2020-10-10T14:33:36","date_gmt":"2020-10-10T11:33:36","guid":{"rendered":"https:\/\/www.radiomarket.fi\/?post_type=product&#038;p=24999"},"modified":"2020-10-10T14:35:50","modified_gmt":"2020-10-10T11:35:50","slug":"ekua1103-krone-kronection-box-ii-ristiinkytkentataulu","status":"publish","type":"product","link":"https:\/\/www.radiomarket.fi\/en\/kohde\/ekua1103-krone-kronection-box-ii-ristiinkytkentataulu\/","title":{"rendered":"EKUA1103 Krone Kronection Box II ristiinkytkent\u00e4taulu"},"content":{"rendered":"Ristiinkytkent\u00e4taulu, myyntipakkauksessaan. Tuotekoodi 6401 1 001-20.","protected":false},"excerpt":{"rendered":"<p>Ristiinkytkent\u00e4taulu, myyntipakkauksessaan. Tuotekoodi 6401 1 001-20.<\/p>","protected":false},"featured_media":24991,"template":"","meta":[],"_links":{"self":[{"href":"https:\/\/www.radiomarket.fi\/en\/wp-json\/wp\/v2\/product\/24999"}],"collection":[{"href":"https:\/\/www.radiomarket.fi\/en\/wp-json\/wp\/v2\/product"}],"about":[{"href":"https:\/\/www.radiomarket.fi\/en\/wp-json\/wp\/v2\/types\/product"}],"wp:featuredmedia":[{"embeddable":true,"href":"https:\/\/www.radiomarket.fi\/en\/wp-json\/wp\/v2\/media\/24991"}],"wp:attachment":[{"href":"https:\/\/www.radiomarket.fi\/en\/wp-json\/wp\/v2\/media?parent=24999"}],"curies":[{"name":"wp","href":"https:\/\/api.w.org\/{rel}","templated":true}]}}