{"id":25002,"date":"2024-11-27T15:57:55","date_gmt":"2024-11-27T13:57:55","guid":{"rendered":"https:\/\/www.radiomarket.fi\/?post_type=product&#038;p=25002"},"modified":"2026-02-19T17:57:45","modified_gmt":"2026-02-19T15:57:45","slug":"ekua1109-painonappi-philips-esim-b4sf72a","status":"publish","type":"product","link":"https:\/\/www.radiomarket.fi\/en\/kohde\/ekua1109-painonappi-philips-esim-b4sf72a\/","title":{"rendered":"EKUA1109 painonappi Philips B4SF72A \/ B5SF72A (EKUM)"},"content":{"rendered":"<p><strong>Sopivuus:<\/strong><\/p><p>Philips NovoSonic 9-putkinen<br \/>Philips B4SF72A<br \/>Philips B5SF72A<\/p><p>K\u00e4ytettyj\u00e4 purkuradioista purettuja. Kirjetoimitus.<br \/><br \/>Painonapit esim. malliin B4SF72A. Sopii lis\u00e4ksi ainakin malliin B5SF72A, jossa sama chassis. Mitat tuotetiedoissa.<br \/><br \/>Ulkoisilta mitoiltaan vastaava painonappi, mutta sis\u00e4osa erilainen l\u00f6ytyy tuotenumerolla EKUM0483. N\u00e4m\u00e4 painonapit saattavat k\u00e4yd\u00e4 ristiin.<br \/><br \/>Myyd\u00e4\u00e4n paremmuusj\u00e4rjestyksess\u00e4.<\/p>","protected":false},"excerpt":{"rendered":"<p>Sopivuus:Philips NovoSonic 9-putkinenPhilips B4SF72APhilips B5SF72AK\u00e4ytettyj\u00e4 purkuradioista purettuja. Kirjetoimitus.Painonapit esim. malliin B4SF72A. Sopii lis\u00e4ksi ainakin malliin B5SF72A, jossa sama chassis. Mitat tuotetiedoissa.Ulkoisilta mitoiltaan vastaava painonappi, mutta sis\u00e4osa erilainen l\u00f6ytyy tuotenumerolla EKUM0483. N\u00e4m\u00e4 painonapit saattavat k\u00e4yd\u00e4 ristiin.Myyd\u00e4\u00e4n paremmuusj\u00e4rjestyksess\u00e4.<\/p>","protected":false},"featured_media":25003,"template":"","meta":[],"_links":{"self":[{"href":"https:\/\/www.radiomarket.fi\/en\/wp-json\/wp\/v2\/product\/25002"}],"collection":[{"href":"https:\/\/www.radiomarket.fi\/en\/wp-json\/wp\/v2\/product"}],"about":[{"href":"https:\/\/www.radiomarket.fi\/en\/wp-json\/wp\/v2\/types\/product"}],"wp:featuredmedia":[{"embeddable":true,"href":"https:\/\/www.radiomarket.fi\/en\/wp-json\/wp\/v2\/media\/25003"}],"wp:attachment":[{"href":"https:\/\/www.radiomarket.fi\/en\/wp-json\/wp\/v2\/media?parent=25002"}],"curies":[{"name":"wp","href":"https:\/\/api.w.org\/{rel}","templated":true}]}}