{"id":25257,"date":"2020-11-10T14:10:37","date_gmt":"2020-11-10T12:10:37","guid":{"rendered":"https:\/\/www.radiomarket.fi\/?post_type=product&#038;p=25257"},"modified":"2022-08-20T14:20:31","modified_gmt":"2022-08-20T11:20:31","slug":"ekua1121-panasonic-rx-cw-26l","status":"publish","type":"product","link":"https:\/\/www.radiomarket.fi\/en\/kohde\/ekua1121-panasonic-rx-cw-26l\/","title":{"rendered":"EKUA1121 Panasonic RX-CW 26L"},"content":{"rendered":"<p>Pikatestiss\u00e4 radio soi, kasetti ei py\u00f6ri edes tyhj\u00e4n\u00e4. Ei tutkittu tarkemmin, n\u00e4ytt\u00e4v\u00e4.<\/p>","protected":false},"excerpt":{"rendered":"<p>Pikatestiss\u00e4 radio soi, kasetti ei py\u00f6ri edes tyhj\u00e4n\u00e4. Ei tutkittu tarkemmin, n\u00e4ytt\u00e4v\u00e4.<\/p>","protected":false},"featured_media":34304,"template":"","meta":[],"_links":{"self":[{"href":"https:\/\/www.radiomarket.fi\/en\/wp-json\/wp\/v2\/product\/25257"}],"collection":[{"href":"https:\/\/www.radiomarket.fi\/en\/wp-json\/wp\/v2\/product"}],"about":[{"href":"https:\/\/www.radiomarket.fi\/en\/wp-json\/wp\/v2\/types\/product"}],"wp:featuredmedia":[{"embeddable":true,"href":"https:\/\/www.radiomarket.fi\/en\/wp-json\/wp\/v2\/media\/34304"}],"wp:attachment":[{"href":"https:\/\/www.radiomarket.fi\/en\/wp-json\/wp\/v2\/media?parent=25257"}],"curies":[{"name":"wp","href":"https:\/\/api.w.org\/{rel}","templated":true}]}}