{"id":25278,"date":"2023-08-19T11:19:22","date_gmt":"2023-08-19T08:19:22","guid":{"rendered":"https:\/\/www.radiomarket.fi\/?post_type=product&#038;p=25278"},"modified":"2025-07-27T20:57:24","modified_gmt":"2025-07-27T17:57:24","slug":"ekua1143-grundig-1120","status":"publish","type":"product","link":"https:\/\/www.radiomarket.fi\/en\/kohde\/ekua1143-grundig-1120\/","title":{"rendered":"EKUA1143 Grundig 1120 (EKUS)"},"content":{"rendered":"<p>Volumepotikka hieman rohisee. Asemat vaihtuu mutta viisari ei liiku. Vasemman kasettipes\u00e4n takaisinkelaus tyhj\u00e4n\u00e4 p\u00e4tkii, kasetin kanssa hitaan ja kankean oloinen. Toistaa ja kelaa eteenp\u00e4in hyvin. Oikeanpuoleinen kasettipes\u00e4 kelaa eteen ja taakse rivakasti ja toistaa asiallisen oloisesti. Testattu verkkovirralla 8\/2023. Ei verkkojohtoa mukana, yleismallinen sopii. Ei tutkittu tarkemmin. Aiemmin kirjattu lis\u00e4ksi &#8220;feideri p\u00e4tkii&#8221;.<\/p>","protected":false},"excerpt":{"rendered":"<p>Volumepotikka hieman rohisee. Asemat vaihtuu mutta viisari ei liiku. Vasemman kasettipes\u00e4n takaisinkelaus tyhj\u00e4n\u00e4 p\u00e4tkii, kasetin kanssa hitaan ja kankean oloinen. Toistaa ja kelaa eteenp\u00e4in hyvin. Oikeanpuoleinen kasettipes\u00e4 kelaa eteen ja taakse rivakasti ja toistaa asiallisen oloisesti. Testattu verkkovirralla 8\/2023. Ei verkkojohtoa mukana, yleismallinen sopii. Ei tutkittu tarkemmin. Aiemmin kirjattu lis\u00e4ksi &#8220;feideri p\u00e4tkii&#8221;.<\/p>","protected":false},"featured_media":41530,"template":"","meta":[],"_links":{"self":[{"href":"https:\/\/www.radiomarket.fi\/en\/wp-json\/wp\/v2\/product\/25278"}],"collection":[{"href":"https:\/\/www.radiomarket.fi\/en\/wp-json\/wp\/v2\/product"}],"about":[{"href":"https:\/\/www.radiomarket.fi\/en\/wp-json\/wp\/v2\/types\/product"}],"wp:featuredmedia":[{"embeddable":true,"href":"https:\/\/www.radiomarket.fi\/en\/wp-json\/wp\/v2\/media\/41530"}],"wp:attachment":[{"href":"https:\/\/www.radiomarket.fi\/en\/wp-json\/wp\/v2\/media?parent=25278"}],"curies":[{"name":"wp","href":"https:\/\/api.w.org\/{rel}","templated":true}]}}