{"id":25285,"date":"2020-11-10T15:05:57","date_gmt":"2020-11-10T13:05:57","guid":{"rendered":"https:\/\/www.radiomarket.fi\/?post_type=product&#038;p=25285"},"modified":"2023-08-19T10:35:14","modified_gmt":"2023-08-19T07:35:14","slug":"ekua1150-grundig-rr-2000","status":"publish","type":"product","link":"https:\/\/www.radiomarket.fi\/en\/kohde\/ekua1150-grundig-rr-2000\/","title":{"rendered":"EKUA1150 Grundig RR-2000 (EKUS)"},"content":{"rendered":"<p>Testataan asiakkaan pyynn\u00f6st\u00e4, p\u00e4\u00e4llep\u00e4in kokonaisen oloinen.<\/p>","protected":false},"excerpt":{"rendered":"<p>Testataan asiakkaan pyynn\u00f6st\u00e4, p\u00e4\u00e4llep\u00e4in kokonaisen oloinen.<\/p>","protected":false},"featured_media":28271,"template":"","meta":[],"_links":{"self":[{"href":"https:\/\/www.radiomarket.fi\/en\/wp-json\/wp\/v2\/product\/25285"}],"collection":[{"href":"https:\/\/www.radiomarket.fi\/en\/wp-json\/wp\/v2\/product"}],"about":[{"href":"https:\/\/www.radiomarket.fi\/en\/wp-json\/wp\/v2\/types\/product"}],"wp:featuredmedia":[{"embeddable":true,"href":"https:\/\/www.radiomarket.fi\/en\/wp-json\/wp\/v2\/media\/28271"}],"wp:attachment":[{"href":"https:\/\/www.radiomarket.fi\/en\/wp-json\/wp\/v2\/media?parent=25285"}],"curies":[{"name":"wp","href":"https:\/\/api.w.org\/{rel}","templated":true}]}}