{"id":25304,"date":"2024-08-30T10:38:52","date_gmt":"2024-08-30T07:38:52","guid":{"rendered":"https:\/\/www.radiomarket.fi\/?post_type=product&#038;p=25304"},"modified":"2025-12-09T14:39:14","modified_gmt":"2025-12-09T12:39:14","slug":"ekua1164-philips-d7050-00","status":"publish","type":"product","link":"https:\/\/www.radiomarket.fi\/en\/kohde\/ekua1164-philips-d7050-00\/","title":{"rendered":"EKUA1164 Philips D7050\/00 (EKUS)"},"content":{"rendered":"<p>Philips D7050\/00 rohisee voimakkaasti, mihin volumen s\u00e4\u00e4t\u00f6 ei vaikuta. Kasetti kelaa ja toistaa mekaanisesti hyv\u00e4n oloisesti, em. vahvan rohinan vuoksi kasetin \u00e4\u00e4nt\u00e4 ei ole voitu arvioida.<\/p><p>Ei tutkittu tarkemmin. Testattu 8\/2024.<\/p>","protected":false},"excerpt":{"rendered":"<p>Philips D7050\/00 rohisee voimakkaasti, mihin volumen s\u00e4\u00e4t\u00f6 ei vaikuta. Kasetti kelaa ja toistaa mekaanisesti hyv\u00e4n oloisesti, em. vahvan rohinan vuoksi kasetin \u00e4\u00e4nt\u00e4 ei ole voitu arvioida.Ei tutkittu tarkemmin. Testattu 8\/2024.<\/p>","protected":false},"featured_media":49411,"template":"","meta":[],"_links":{"self":[{"href":"https:\/\/www.radiomarket.fi\/en\/wp-json\/wp\/v2\/product\/25304"}],"collection":[{"href":"https:\/\/www.radiomarket.fi\/en\/wp-json\/wp\/v2\/product"}],"about":[{"href":"https:\/\/www.radiomarket.fi\/en\/wp-json\/wp\/v2\/types\/product"}],"wp:featuredmedia":[{"embeddable":true,"href":"https:\/\/www.radiomarket.fi\/en\/wp-json\/wp\/v2\/media\/49411"}],"wp:attachment":[{"href":"https:\/\/www.radiomarket.fi\/en\/wp-json\/wp\/v2\/media?parent=25304"}],"curies":[{"name":"wp","href":"https:\/\/api.w.org\/{rel}","templated":true}]}}