{"id":25315,"date":"2023-09-20T13:12:46","date_gmt":"2023-09-20T10:12:46","guid":{"rendered":"https:\/\/www.radiomarket.fi\/?post_type=product&#038;p=25315"},"modified":"2023-09-20T13:28:16","modified_gmt":"2023-09-20T10:28:16","slug":"ekua1175-akai-aj-205","status":"publish","type":"product","link":"https:\/\/www.radiomarket.fi\/en\/kohde\/ekua1175-akai-aj-205\/","title":{"rendered":"EKUA1175 Akai AJ-205 soiva radio (EKUS)"},"content":{"rendered":"<p>Radio toimii ok. Volumessa ei ylim\u00e4\u00e4r\u00e4isi\u00e4 rohinoita. Toisti v\u00e4syneesti hetken aikaa kasettia, kunnes s\u00f6i nauhan. Kasettiluukku repsottaa. Myyd\u00e4\u00e4n ilman yleismallista verkkojohtoa. Testattu 09\/2023. Ei tutkittu tarkemmin.<\/p>","protected":false},"excerpt":{"rendered":"<p>Radio toimii ok. Volumessa ei ylim\u00e4\u00e4r\u00e4isi\u00e4 rohinoita. Toisti v\u00e4syneesti hetken aikaa kasettia, kunnes s\u00f6i nauhan. Kasettiluukku repsottaa. Myyd\u00e4\u00e4n ilman yleismallista verkkojohtoa. Testattu 09\/2023. Ei tutkittu tarkemmin.<\/p>","protected":false},"featured_media":42357,"template":"","meta":[],"_links":{"self":[{"href":"https:\/\/www.radiomarket.fi\/en\/wp-json\/wp\/v2\/product\/25315"}],"collection":[{"href":"https:\/\/www.radiomarket.fi\/en\/wp-json\/wp\/v2\/product"}],"about":[{"href":"https:\/\/www.radiomarket.fi\/en\/wp-json\/wp\/v2\/types\/product"}],"wp:featuredmedia":[{"embeddable":true,"href":"https:\/\/www.radiomarket.fi\/en\/wp-json\/wp\/v2\/media\/42357"}],"wp:attachment":[{"href":"https:\/\/www.radiomarket.fi\/en\/wp-json\/wp\/v2\/media?parent=25315"}],"curies":[{"name":"wp","href":"https:\/\/api.w.org\/{rel}","templated":true}]}}