{"id":25320,"date":"2020-11-10T15:53:00","date_gmt":"2020-11-10T13:53:00","guid":{"rendered":"https:\/\/www.radiomarket.fi\/?post_type=product&#038;p=25320"},"modified":"2023-03-16T13:53:26","modified_gmt":"2023-03-16T11:53:26","slug":"ekua1180-sharp-gf-1740","status":"publish","type":"product","link":"https:\/\/www.radiomarket.fi\/en\/kohde\/ekua1180-sharp-gf-1740\/","title":{"rendered":"EKUA1180 Sharp GF-1740 (EKUS)"},"content":{"rendered":"<p>Tiedustele tarkempi kunto. P\u00e4\u00e4ll\u00e4 olevan tarran mukaan rikki?<\/p>","protected":false},"excerpt":{"rendered":"<p>Tiedustele tarkempi kunto. P\u00e4\u00e4ll\u00e4 olevan tarran mukaan rikki?<\/p>","protected":false},"featured_media":27732,"template":"","meta":[],"_links":{"self":[{"href":"https:\/\/www.radiomarket.fi\/en\/wp-json\/wp\/v2\/product\/25320"}],"collection":[{"href":"https:\/\/www.radiomarket.fi\/en\/wp-json\/wp\/v2\/product"}],"about":[{"href":"https:\/\/www.radiomarket.fi\/en\/wp-json\/wp\/v2\/types\/product"}],"wp:featuredmedia":[{"embeddable":true,"href":"https:\/\/www.radiomarket.fi\/en\/wp-json\/wp\/v2\/media\/27732"}],"wp:attachment":[{"href":"https:\/\/www.radiomarket.fi\/en\/wp-json\/wp\/v2\/media?parent=25320"}],"curies":[{"name":"wp","href":"https:\/\/api.w.org\/{rel}","templated":true}]}}