{"id":25331,"date":"2020-11-10T16:02:09","date_gmt":"2020-11-10T14:02:09","guid":{"rendered":"https:\/\/www.radiomarket.fi\/?post_type=product&#038;p=25331"},"modified":"2021-04-30T14:53:40","modified_gmt":"2021-04-30T11:53:40","slug":"ekua1189-jvc-9407-lf","status":"publish","type":"product","link":"https:\/\/www.radiomarket.fi\/en\/kohde\/ekua1189-jvc-9407-lf\/","title":{"rendered":"EKUA1189 JVC 9407 LF"},"content":{"rendered":"<p>Testattu paristoilla. Paristokotelo siisti ja kotelon luukku tallessa. Ei teleskooppiantennia.<br \/><br \/>Kosketush\u00e4iri\u00f6it\u00e4 aaltoaluevalitsimessa, mutta vaikuttaa ettei kuulu muutenkaan. Lyhyess\u00e4 testiss\u00e4 mik\u00e4\u00e4n aaltoalue ei kuulosta oikealta.<br \/><br \/>Kasetti yritt\u00e4\u00e4 kelata tyhj\u00e4n\u00e4 taaksep\u00e4in. Ei jaksa toistaa tai kelata eteenp\u00e4in tyhj\u00e4n\u00e4.\u00a0<\/p>","protected":false},"excerpt":{"rendered":"<p>Testattu paristoilla. Paristokotelo siisti ja kotelon luukku tallessa. Ei teleskooppiantennia.Kosketush\u00e4iri\u00f6it\u00e4 aaltoaluevalitsimessa, mutta vaikuttaa ettei kuulu muutenkaan. Lyhyess\u00e4 testiss\u00e4 mik\u00e4\u00e4n aaltoalue ei kuulosta oikealta.Kasetti yritt\u00e4\u00e4 kelata tyhj\u00e4n\u00e4 taaksep\u00e4in. Ei jaksa toistaa tai kelata eteenp\u00e4in tyhj\u00e4n\u00e4.\u00a0<\/p>","protected":false},"featured_media":27235,"template":"","meta":[],"_links":{"self":[{"href":"https:\/\/www.radiomarket.fi\/en\/wp-json\/wp\/v2\/product\/25331"}],"collection":[{"href":"https:\/\/www.radiomarket.fi\/en\/wp-json\/wp\/v2\/product"}],"about":[{"href":"https:\/\/www.radiomarket.fi\/en\/wp-json\/wp\/v2\/types\/product"}],"wp:featuredmedia":[{"embeddable":true,"href":"https:\/\/www.radiomarket.fi\/en\/wp-json\/wp\/v2\/media\/27235"}],"wp:attachment":[{"href":"https:\/\/www.radiomarket.fi\/en\/wp-json\/wp\/v2\/media?parent=25331"}],"curies":[{"name":"wp","href":"https:\/\/api.w.org\/{rel}","templated":true}]}}