{"id":25354,"date":"2020-11-10T16:23:02","date_gmt":"2020-11-10T14:23:02","guid":{"rendered":"https:\/\/www.radiomarket.fi\/?post_type=product&#038;p=25354"},"modified":"2021-10-01T15:13:51","modified_gmt":"2021-10-01T12:13:51","slug":"ekua1212-goldstar-tws-6161","status":"publish","type":"product","link":"https:\/\/www.radiomarket.fi\/en\/kohde\/ekua1212-goldstar-tws-6161\/","title":{"rendered":"EKUA1212 Goldstar TWS-6161 (EKUS)"},"content":{"rendered":"<p>Nauhuri ei py\u00f6ri. Radiossa kuuluu AM-asemat, aluevalitsin on jumissa eik\u00e4 mene ULA:lle. Takana kulmassa naarmuja, kts. kuva. Muuten ulkoisesti hyv\u00e4.<\/p>","protected":false},"excerpt":{"rendered":"<p>Nauhuri ei py\u00f6ri. Radiossa kuuluu AM-asemat, aluevalitsin on jumissa eik\u00e4 mene ULA:lle. Takana kulmassa naarmuja, kts. kuva. Muuten ulkoisesti hyv\u00e4.<\/p>","protected":false},"featured_media":28797,"template":"","meta":[],"_links":{"self":[{"href":"https:\/\/www.radiomarket.fi\/en\/wp-json\/wp\/v2\/product\/25354"}],"collection":[{"href":"https:\/\/www.radiomarket.fi\/en\/wp-json\/wp\/v2\/product"}],"about":[{"href":"https:\/\/www.radiomarket.fi\/en\/wp-json\/wp\/v2\/types\/product"}],"wp:featuredmedia":[{"embeddable":true,"href":"https:\/\/www.radiomarket.fi\/en\/wp-json\/wp\/v2\/media\/28797"}],"wp:attachment":[{"href":"https:\/\/www.radiomarket.fi\/en\/wp-json\/wp\/v2\/media?parent=25354"}],"curies":[{"name":"wp","href":"https:\/\/api.w.org\/{rel}","templated":true}]}}