{"id":25356,"date":"2023-08-09T12:34:39","date_gmt":"2023-08-09T09:34:39","guid":{"rendered":"https:\/\/www.radiomarket.fi\/?post_type=product&#038;p=25356"},"modified":"2025-03-21T14:01:35","modified_gmt":"2025-03-21T12:01:35","slug":"ekua1214-tensai-rcr-3347","status":"publish","type":"product","link":"https:\/\/www.radiomarket.fi\/en\/kohde\/ekua1214-tensai-rcr-3347\/","title":{"rendered":"EKUA1214 Tensai RCR-3347 (EKUS)"},"content":{"rendered":"<p>Soi, volume-s\u00e4\u00e4t\u00f6 rohisee ja kosketush\u00e4ikk\u00e4\u00e4, v\u00e4lill\u00e4 soi asiallisesti molempien kaiuttimien kautta. Molemmat pes\u00e4t kelaa taakse tyhj\u00e4n\u00e4, py\u00f6ritys ja eteenp\u00e4in kelaus tyhj\u00e4n\u00e4kin olematonta. Paristot vuotaneet. Ei tutkittu tarkemmin.<\/p>","protected":false},"excerpt":{"rendered":"<p>Soi, volume-s\u00e4\u00e4t\u00f6 rohisee ja kosketush\u00e4ikk\u00e4\u00e4, v\u00e4lill\u00e4 soi asiallisesti molempien kaiuttimien kautta. Molemmat pes\u00e4t kelaa taakse tyhj\u00e4n\u00e4, py\u00f6ritys ja eteenp\u00e4in kelaus tyhj\u00e4n\u00e4kin olematonta. Paristot vuotaneet. Ei tutkittu tarkemmin.<\/p>","protected":false},"featured_media":41280,"template":"","meta":[],"_links":{"self":[{"href":"https:\/\/www.radiomarket.fi\/en\/wp-json\/wp\/v2\/product\/25356"}],"collection":[{"href":"https:\/\/www.radiomarket.fi\/en\/wp-json\/wp\/v2\/product"}],"about":[{"href":"https:\/\/www.radiomarket.fi\/en\/wp-json\/wp\/v2\/types\/product"}],"wp:featuredmedia":[{"embeddable":true,"href":"https:\/\/www.radiomarket.fi\/en\/wp-json\/wp\/v2\/media\/41280"}],"wp:attachment":[{"href":"https:\/\/www.radiomarket.fi\/en\/wp-json\/wp\/v2\/media?parent=25356"}],"curies":[{"name":"wp","href":"https:\/\/api.w.org\/{rel}","templated":true}]}}