{"id":25774,"date":"2020-12-27T20:58:00","date_gmt":"2020-12-27T18:58:00","guid":{"rendered":"https:\/\/www.radiomarket.fi\/?post_type=product&#038;p=25774"},"modified":"2021-03-04T23:39:10","modified_gmt":"2021-03-04T21:39:10","slug":"ekub0016-philips-televisio-22pfl3206h12","status":"publish","type":"product","link":"https:\/\/www.radiomarket.fi\/en\/kohde\/ekub0016-philips-televisio-22pfl3206h12\/","title":{"rendered":"EKUB0016 Philips televisio 22PFL3206H12"},"content":{"rendered":"<p>Ei toimi. Pient\u00e4 naarmua mik\u00e4 tuskin haittaa. Kaukos\u00e4\u00e4din puuttuu. Vain noutomyynti tai toimitus sovittaessa.<\/p>","protected":false},"excerpt":{"rendered":"<p>Myyd\u00e4\u00e4n toimimattomana.<\/p>","protected":false},"featured_media":25775,"template":"","meta":[],"_links":{"self":[{"href":"https:\/\/www.radiomarket.fi\/en\/wp-json\/wp\/v2\/product\/25774"}],"collection":[{"href":"https:\/\/www.radiomarket.fi\/en\/wp-json\/wp\/v2\/product"}],"about":[{"href":"https:\/\/www.radiomarket.fi\/en\/wp-json\/wp\/v2\/types\/product"}],"wp:featuredmedia":[{"embeddable":true,"href":"https:\/\/www.radiomarket.fi\/en\/wp-json\/wp\/v2\/media\/25775"}],"wp:attachment":[{"href":"https:\/\/www.radiomarket.fi\/en\/wp-json\/wp\/v2\/media?parent=25774"}],"curies":[{"name":"wp","href":"https:\/\/api.w.org\/{rel}","templated":true}]}}