{"id":25894,"date":"2021-01-24T11:08:37","date_gmt":"2021-01-24T09:08:37","guid":{"rendered":"https:\/\/www.radiomarket.fi\/?post_type=product&#038;p=25894"},"modified":"2023-12-07T13:03:20","modified_gmt":"2023-12-07T11:03:20","slug":"ekua1246-salora-sevilla","status":"publish","type":"product","link":"https:\/\/www.radiomarket.fi\/en\/kohde\/ekua1246-salora-sevilla\/","title":{"rendered":"EKUA1246 Salora Sevilla (LARS)"},"content":{"rendered":"<p>Ei takakantta paikallaan, alareunan Salora-merkki rikkoutunut. ULA ja lyhyet aallot vaikuttavat pikatestiss\u00e4 mykilt\u00e4. Keskipitkien pohjakohina kuulostaa oikealta mutta vaimea, kuuluu vain volumen ollessa l\u00e4hes t\u00e4ysill\u00e4. Pitk\u00e4t aallot ulisevat voimakkaasti, saattaisi olla kondensaattorivika, mutta esiintyy vain pitkill\u00e4 aalloilla. Sevilla-logo ehj\u00e4, Salora-logo rikki. Ei tutkittu tarkemmin. Myyd\u00e4\u00e4n kuvien mukaisena, kuvanmukaisilla putkilla. Testiss\u00e4 k\u00e4ytetyt radiosta puuttuneet putket EL84 ja EABC80 eiv\u00e4t sis\u00e4lly kauppaan.<br \/><br \/><br \/><\/p>","protected":false},"excerpt":{"rendered":"<p>Ei takakantta paikallaan, alareunan Salora-merkki rikkoutunut. ULA ja lyhyet aallot vaikuttavat pikatestiss\u00e4 mykilt\u00e4. Keskipitkien pohjakohina kuulostaa oikealta mutta vaimea, kuuluu vain volumen ollessa l\u00e4hes t\u00e4ysill\u00e4. Pitk\u00e4t aallot ulisevat voimakkaasti, saattaisi olla kondensaattorivika, mutta esiintyy vain pitkill\u00e4 aalloilla. Sevilla-logo ehj\u00e4, Salora-logo rikki. Ei tutkittu tarkemmin. Myyd\u00e4\u00e4n kuvien mukaisena, kuvanmukaisilla putkilla. Testiss\u00e4 k\u00e4ytetyt radiosta puuttuneet putket EL84 &hellip;<\/p>\n<p class=\"read-more\"> <a class=\"thunk-readmore button\" href=\"https:\/\/www.radiomarket.fi\/en\/kohde\/ekua1246-salora-sevilla\/\"> <span class=\"screen-reader-text\">EKUA1246 Salora Sevilla (LARS)<\/span>Read More<\/a><\/p>","protected":false},"featured_media":25917,"template":"","meta":[],"_links":{"self":[{"href":"https:\/\/www.radiomarket.fi\/en\/wp-json\/wp\/v2\/product\/25894"}],"collection":[{"href":"https:\/\/www.radiomarket.fi\/en\/wp-json\/wp\/v2\/product"}],"about":[{"href":"https:\/\/www.radiomarket.fi\/en\/wp-json\/wp\/v2\/types\/product"}],"wp:featuredmedia":[{"embeddable":true,"href":"https:\/\/www.radiomarket.fi\/en\/wp-json\/wp\/v2\/media\/25917"}],"wp:attachment":[{"href":"https:\/\/www.radiomarket.fi\/en\/wp-json\/wp\/v2\/media?parent=25894"}],"curies":[{"name":"wp","href":"https:\/\/api.w.org\/{rel}","templated":true}]}}