{"id":25899,"date":"2021-01-24T11:18:26","date_gmt":"2021-01-24T09:18:26","guid":{"rendered":"https:\/\/www.radiomarket.fi\/?post_type=product&#038;p=25899"},"modified":"2022-03-22T20:04:51","modified_gmt":"2022-03-22T18:04:51","slug":"ekua1251-national-nv-830","status":"publish","type":"product","link":"https:\/\/www.radiomarket.fi\/en\/kohde\/ekua1251-national-nv-830\/","title":{"rendered":"EKUA1251 National NV-830 (LARS)"},"content":{"rendered":"<p>Kasettiluukku puuttuu. Mallinumero n\u00e4kyviss\u00e4, mutta ei merkki\u00e4, koska se on ollut puuttuvassa kasettiluukussa. Valmistaja kuitenkin Matsushita.<\/p>","protected":false},"excerpt":{"rendered":"<p>Kasettiluukku puuttuu. Mallinumero n\u00e4kyviss\u00e4, mutta ei merkki\u00e4, koska se on ollut puuttuvassa kasettiluukussa. Valmistaja kuitenkin Matsushita.<\/p>","protected":false},"featured_media":25929,"template":"","meta":[],"_links":{"self":[{"href":"https:\/\/www.radiomarket.fi\/en\/wp-json\/wp\/v2\/product\/25899"}],"collection":[{"href":"https:\/\/www.radiomarket.fi\/en\/wp-json\/wp\/v2\/product"}],"about":[{"href":"https:\/\/www.radiomarket.fi\/en\/wp-json\/wp\/v2\/types\/product"}],"wp:featuredmedia":[{"embeddable":true,"href":"https:\/\/www.radiomarket.fi\/en\/wp-json\/wp\/v2\/media\/25929"}],"wp:attachment":[{"href":"https:\/\/www.radiomarket.fi\/en\/wp-json\/wp\/v2\/media?parent=25899"}],"curies":[{"name":"wp","href":"https:\/\/api.w.org\/{rel}","templated":true}]}}