{"id":26022,"date":"2021-02-07T21:19:46","date_gmt":"2021-02-07T19:19:46","guid":{"rendered":"https:\/\/www.radiomarket.fi\/?post_type=product&#038;p=26022"},"modified":"2021-02-07T22:18:42","modified_gmt":"2021-02-07T20:18:42","slug":"lars0004-grundig-poytaradio","status":"publish","type":"product","link":"https:\/\/www.radiomarket.fi\/en\/kohde\/lars0004-grundig-poytaradio\/","title":{"rendered":"LARS0004 Grundig p\u00f6yt\u00e4radio"},"content":{"rendered":"Kysy lis\u00e4tiedot ja saatavuus.","protected":false},"excerpt":{"rendered":"<p>Kysy lis\u00e4tiedot ja saatavuus.<\/p>","protected":false},"featured_media":26014,"template":"","meta":[],"_links":{"self":[{"href":"https:\/\/www.radiomarket.fi\/en\/wp-json\/wp\/v2\/product\/26022"}],"collection":[{"href":"https:\/\/www.radiomarket.fi\/en\/wp-json\/wp\/v2\/product"}],"about":[{"href":"https:\/\/www.radiomarket.fi\/en\/wp-json\/wp\/v2\/types\/product"}],"wp:featuredmedia":[{"embeddable":true,"href":"https:\/\/www.radiomarket.fi\/en\/wp-json\/wp\/v2\/media\/26014"}],"wp:attachment":[{"href":"https:\/\/www.radiomarket.fi\/en\/wp-json\/wp\/v2\/media?parent=26022"}],"curies":[{"name":"wp","href":"https:\/\/api.w.org\/{rel}","templated":true}]}}