{"id":26024,"date":"2021-02-07T21:23:15","date_gmt":"2021-02-07T19:23:15","guid":{"rendered":"https:\/\/www.radiomarket.fi\/?post_type=product&#038;p=26024"},"modified":"2021-05-05T13:08:05","modified_gmt":"2021-05-05T10:08:05","slug":"lars0006-helkama-scandinavia-poytaradio","status":"publish","type":"product","link":"https:\/\/www.radiomarket.fi\/en\/kohde\/lars0006-helkama-scandinavia-poytaradio\/","title":{"rendered":"LARS0006 Helkama Scandinavia p\u00f6yt\u00e4radio"},"content":{"rendered":"<p>Kysy lis\u00e4tiedot ja saatavuus. Radiota kaksilla eri nupeilla, toiset mustat ja toiset valkoiset.<\/p>","protected":false},"excerpt":{"rendered":"<p>Kysy lis\u00e4tiedot ja saatavuus. Radiota kaksilla eri nupeilla, toiset mustat ja toiset valkoiset.<\/p>","protected":false},"featured_media":26018,"template":"","meta":[],"_links":{"self":[{"href":"https:\/\/www.radiomarket.fi\/en\/wp-json\/wp\/v2\/product\/26024"}],"collection":[{"href":"https:\/\/www.radiomarket.fi\/en\/wp-json\/wp\/v2\/product"}],"about":[{"href":"https:\/\/www.radiomarket.fi\/en\/wp-json\/wp\/v2\/types\/product"}],"wp:featuredmedia":[{"embeddable":true,"href":"https:\/\/www.radiomarket.fi\/en\/wp-json\/wp\/v2\/media\/26018"}],"wp:attachment":[{"href":"https:\/\/www.radiomarket.fi\/en\/wp-json\/wp\/v2\/media?parent=26024"}],"curies":[{"name":"wp","href":"https:\/\/api.w.org\/{rel}","templated":true}]}}