{"id":26036,"date":"2021-02-07T22:01:32","date_gmt":"2021-02-07T20:01:32","guid":{"rendered":"https:\/\/www.radiomarket.fi\/?post_type=product&#038;p=26036"},"modified":"2023-08-26T12:18:44","modified_gmt":"2023-08-26T09:18:44","slug":"lars0008-fenno-pohjola-f272v-putkiradio","status":"publish","type":"product","link":"https:\/\/www.radiomarket.fi\/en\/kohde\/lars0008-fenno-pohjola-f272v-putkiradio\/","title":{"rendered":"LARS0008 Fenno Pohjola F272V putkiradio (EKUS)"},"content":{"rendered":"<p>Alkuper\u00e4inen takalevy l\u00f6ytyy, vaikka ei n\u00e4y kuvissa. Radio on modattu, siihen n\u00e4ytt\u00e4isi olevan lis\u00e4tty toinen p\u00e4\u00e4teaste, eli lienee stereop\u00e4\u00e4teasteella varustettu nyt.\u00a0<\/p>","protected":false},"excerpt":{"rendered":"<p>Alkuper\u00e4inen takalevy l\u00f6ytyy, vaikka ei n\u00e4y kuvissa. Radio on modattu, siihen n\u00e4ytt\u00e4isi olevan lis\u00e4tty toinen p\u00e4\u00e4teaste, eli lienee stereop\u00e4\u00e4teasteella varustettu nyt.\u00a0<\/p>","protected":false},"featured_media":26027,"template":"","meta":[],"_links":{"self":[{"href":"https:\/\/www.radiomarket.fi\/en\/wp-json\/wp\/v2\/product\/26036"}],"collection":[{"href":"https:\/\/www.radiomarket.fi\/en\/wp-json\/wp\/v2\/product"}],"about":[{"href":"https:\/\/www.radiomarket.fi\/en\/wp-json\/wp\/v2\/types\/product"}],"wp:featuredmedia":[{"embeddable":true,"href":"https:\/\/www.radiomarket.fi\/en\/wp-json\/wp\/v2\/media\/26027"}],"wp:attachment":[{"href":"https:\/\/www.radiomarket.fi\/en\/wp-json\/wp\/v2\/media?parent=26036"}],"curies":[{"name":"wp","href":"https:\/\/api.w.org\/{rel}","templated":true}]}}