{"id":26071,"date":"2021-02-10T23:42:11","date_gmt":"2021-02-10T21:42:11","guid":{"rendered":"https:\/\/www.radiomarket.fi\/?post_type=product&#038;p=26071"},"modified":"2022-01-06T20:10:08","modified_gmt":"2022-01-06T18:10:08","slug":"ekun0001-tecsun-pl-380","status":"publish","type":"product","link":"https:\/\/www.radiomarket.fi\/en\/kohde\/ekun0001-tecsun-pl-380\/","title":{"rendered":"EKUN0001 Tecsun PL-380"},"content":{"rendered":"<p>Koek\u00e4ytetty, uudenveroinen. Sis\u00e4lt\u00e4\u00e4 kuvassa n\u00e4kyv\u00e4t oheistarpeet. Myyd\u00e4\u00e4n hintaan 50 euroa + toimitus.<\/p>","protected":false},"excerpt":{"rendered":"<p>Koek\u00e4ytetty, uudenveroinen. Sis\u00e4lt\u00e4\u00e4 kuvassa n\u00e4kyv\u00e4t oheistarpeet. Myyd\u00e4\u00e4n hintaan 50 euroa + toimitus.<\/p>","protected":false},"featured_media":26073,"template":"","meta":[],"_links":{"self":[{"href":"https:\/\/www.radiomarket.fi\/en\/wp-json\/wp\/v2\/product\/26071"}],"collection":[{"href":"https:\/\/www.radiomarket.fi\/en\/wp-json\/wp\/v2\/product"}],"about":[{"href":"https:\/\/www.radiomarket.fi\/en\/wp-json\/wp\/v2\/types\/product"}],"wp:featuredmedia":[{"embeddable":true,"href":"https:\/\/www.radiomarket.fi\/en\/wp-json\/wp\/v2\/media\/26073"}],"wp:attachment":[{"href":"https:\/\/www.radiomarket.fi\/en\/wp-json\/wp\/v2\/media?parent=26071"}],"curies":[{"name":"wp","href":"https:\/\/api.w.org\/{rel}","templated":true}]}}