{"id":26100,"date":"2023-12-07T15:28:18","date_gmt":"2023-12-07T13:28:18","guid":{"rendered":"https:\/\/www.radiomarket.fi\/?post_type=product&#038;p=26100"},"modified":"2023-12-09T13:53:00","modified_gmt":"2023-12-09T11:53:00","slug":"ekub0028a-maitolasivalaisin-kattoon","status":"publish","type":"product","link":"https:\/\/www.radiomarket.fi\/en\/kohde\/ekub0028a-maitolasivalaisin-kattoon\/","title":{"rendered":"EKUB0028 suorakaide maitolasivalaisin kattoon"},"content":{"rendered":"<p>K\u00e4ytettyj\u00e4\u00a0 opaalivalaisimia 1960-luvulta, metalliosien kunto vaihtelee, lasi ehj\u00e4. Suosittelemme t\u00e4lle tuotteelle s\u00e4rkyv\u00e4-lis\u00e4palvelua.<\/p>","protected":false},"excerpt":{"rendered":"<p>Kuvassa mukana 20 cm leve\u00e4 yleisty\u00f6kalu viitteellisen\u00e4 mittana.<\/p>","protected":false},"featured_media":26101,"template":"","meta":[],"_links":{"self":[{"href":"https:\/\/www.radiomarket.fi\/en\/wp-json\/wp\/v2\/product\/26100"}],"collection":[{"href":"https:\/\/www.radiomarket.fi\/en\/wp-json\/wp\/v2\/product"}],"about":[{"href":"https:\/\/www.radiomarket.fi\/en\/wp-json\/wp\/v2\/types\/product"}],"wp:featuredmedia":[{"embeddable":true,"href":"https:\/\/www.radiomarket.fi\/en\/wp-json\/wp\/v2\/media\/26101"}],"wp:attachment":[{"href":"https:\/\/www.radiomarket.fi\/en\/wp-json\/wp\/v2\/media?parent=26100"}],"curies":[{"name":"wp","href":"https:\/\/api.w.org\/{rel}","templated":true}]}}