{"id":26119,"date":"2021-02-17T22:03:53","date_gmt":"2021-02-17T20:03:53","guid":{"rendered":"https:\/\/www.radiomarket.fi\/?post_type=product&#038;p=26119"},"modified":"2021-06-08T11:01:19","modified_gmt":"2021-06-08T08:01:19","slug":"ekun0004-tecsun-pl-310","status":"publish","type":"product","link":"https:\/\/www.radiomarket.fi\/en\/kohde\/ekun0004-tecsun-pl-310\/","title":{"rendered":"EKUN0004 Tecsun PL-310ET"},"content":{"rendered":"<p>Koek\u00e4ytetty, uudenveroinen. Alkuper\u00e4ispakkauksessaan, sis\u00e4lt\u00e4\u00e4 alkuper\u00e4iset oheistarpeet. Kuva malliksi vastaavasta radiosta, myyt\u00e4v\u00e4n tuotteen kuva tulossa ja v\u00e4ri voi olla eri\u00e4v\u00e4. Myyd\u00e4\u00e4n hintaan 50 euroa+toimitus tai nouto.<\/p>","protected":false},"excerpt":{"rendered":"<p>Koek\u00e4ytetty, uudenveroinen. Alkuper\u00e4ispakkauksessaan, sis\u00e4lt\u00e4\u00e4 alkuper\u00e4iset oheistarpeet. Kuva malliksi vastaavasta radiosta, myyt\u00e4v\u00e4n tuotteen kuva tulossa ja v\u00e4ri voi olla eri\u00e4v\u00e4. Myyd\u00e4\u00e4n hintaan 50 euroa+toimitus tai nouto.<\/p>","protected":false},"featured_media":26121,"template":"","meta":[],"_links":{"self":[{"href":"https:\/\/www.radiomarket.fi\/en\/wp-json\/wp\/v2\/product\/26119"}],"collection":[{"href":"https:\/\/www.radiomarket.fi\/en\/wp-json\/wp\/v2\/product"}],"about":[{"href":"https:\/\/www.radiomarket.fi\/en\/wp-json\/wp\/v2\/types\/product"}],"wp:featuredmedia":[{"embeddable":true,"href":"https:\/\/www.radiomarket.fi\/en\/wp-json\/wp\/v2\/media\/26121"}],"wp:attachment":[{"href":"https:\/\/www.radiomarket.fi\/en\/wp-json\/wp\/v2\/media?parent=26119"}],"curies":[{"name":"wp","href":"https:\/\/api.w.org\/{rel}","templated":true}]}}