{"id":26137,"date":"2021-02-18T16:33:00","date_gmt":"2021-02-18T14:33:00","guid":{"rendered":"https:\/\/www.radiomarket.fi\/?post_type=product&#038;p=26137"},"modified":"2025-04-09T15:02:56","modified_gmt":"2025-04-09T12:02:56","slug":"ekua1261-torotor-kelarunko-keskiaalloille","status":"publish","type":"product","link":"https:\/\/www.radiomarket.fi\/en\/kohde\/ekua1261-torotor-kelarunko-keskiaalloille\/","title":{"rendered":"EKUA1261 Torotor kelarunko keskiaalloille (EKUS)"},"content":{"rendered":"<p>Torotor -kelarunko keskiaalloille. 7 uraa. K\u00e4ytettyj\u00e4. Kaikissa ei v\u00e4ltt\u00e4m\u00e4tt\u00e4 ole kelasyd\u00e4nt\u00e4 mukana. Myyd\u00e4\u00e4n paremmuusj\u00e4rjestyksess\u00e4. J\u00e4ljell\u00e4 en\u00e4\u00e4 vain kuvassa laitimmaisena oikealla oleva, joka mahdollisesti rungoltaan v\u00e4\u00e4ntynyt. Kirjetoimitus.<\/p>","protected":false},"excerpt":{"rendered":"<p>Kirjetoimitustuotteita kannattaa tilata kerralla useampiakin, lis\u00e4tuote nostaa postikuluja vain noin 10 snt\/tuote 10\/2024 tilanteen mukaan.<\/p>","protected":false},"featured_media":26140,"template":"","meta":[],"_links":{"self":[{"href":"https:\/\/www.radiomarket.fi\/en\/wp-json\/wp\/v2\/product\/26137"}],"collection":[{"href":"https:\/\/www.radiomarket.fi\/en\/wp-json\/wp\/v2\/product"}],"about":[{"href":"https:\/\/www.radiomarket.fi\/en\/wp-json\/wp\/v2\/types\/product"}],"wp:featuredmedia":[{"embeddable":true,"href":"https:\/\/www.radiomarket.fi\/en\/wp-json\/wp\/v2\/media\/26140"}],"wp:attachment":[{"href":"https:\/\/www.radiomarket.fi\/en\/wp-json\/wp\/v2\/media?parent=26137"}],"curies":[{"name":"wp","href":"https:\/\/api.w.org\/{rel}","templated":true}]}}