{"id":26171,"date":"2021-02-20T00:34:45","date_gmt":"2021-02-19T22:34:45","guid":{"rendered":"https:\/\/www.radiomarket.fi\/?post_type=product&#038;p=26171"},"modified":"2023-11-05T21:49:07","modified_gmt":"2023-11-05T19:49:07","slug":"ekua1265-yaesu-g-600-roottorin-ohjain","status":"publish","type":"product","link":"https:\/\/www.radiomarket.fi\/en\/kohde\/ekua1265-yaesu-g-600-roottorin-ohjain\/","title":{"rendered":"EKUA1265 Yaesu G-600 roottorin ohjain"},"content":{"rendered":"Yaesu Azimuth Indicator G-600 antennink\u00e4\u00e4nt\u00f6moottorin ohjain.","protected":false},"excerpt":{"rendered":"<p>Yaesu Azimuth Indicator G-600 antennink\u00e4\u00e4nt\u00f6moottorin ohjain.<\/p>","protected":false},"featured_media":26172,"template":"","meta":[],"_links":{"self":[{"href":"https:\/\/www.radiomarket.fi\/en\/wp-json\/wp\/v2\/product\/26171"}],"collection":[{"href":"https:\/\/www.radiomarket.fi\/en\/wp-json\/wp\/v2\/product"}],"about":[{"href":"https:\/\/www.radiomarket.fi\/en\/wp-json\/wp\/v2\/types\/product"}],"wp:featuredmedia":[{"embeddable":true,"href":"https:\/\/www.radiomarket.fi\/en\/wp-json\/wp\/v2\/media\/26172"}],"wp:attachment":[{"href":"https:\/\/www.radiomarket.fi\/en\/wp-json\/wp\/v2\/media?parent=26171"}],"curies":[{"name":"wp","href":"https:\/\/api.w.org\/{rel}","templated":true}]}}