{"id":26272,"date":"2021-02-26T16:25:04","date_gmt":"2021-02-26T14:25:04","guid":{"rendered":"https:\/\/www.radiomarket.fi\/?post_type=product&#038;p=26272"},"modified":"2023-08-04T12:31:04","modified_gmt":"2023-08-04T09:31:04","slug":"uf43-siemens-putki-rohre-tube","status":"publish","type":"product","link":"https:\/\/www.radiomarket.fi\/en\/kohde\/uf43-siemens-putki-rohre-tube\/","title":{"rendered":"UF43 Siemens putki R\u00f6hre tube (EKUS)"},"content":{"rendered":"<p>NOS new old stock. K\u00e4ytt\u00e4m\u00e4t\u00f6n putki sinet\u00f6idyss\u00e4 rasiassa.<\/p>","protected":false},"excerpt":{"rendered":"<p>NOS new old stock. K\u00e4ytt\u00e4m\u00e4t\u00f6n putki sinet\u00f6idyss\u00e4 rasiassa.<\/p>","protected":false},"featured_media":26274,"template":"","meta":[],"_links":{"self":[{"href":"https:\/\/www.radiomarket.fi\/en\/wp-json\/wp\/v2\/product\/26272"}],"collection":[{"href":"https:\/\/www.radiomarket.fi\/en\/wp-json\/wp\/v2\/product"}],"about":[{"href":"https:\/\/www.radiomarket.fi\/en\/wp-json\/wp\/v2\/types\/product"}],"wp:featuredmedia":[{"embeddable":true,"href":"https:\/\/www.radiomarket.fi\/en\/wp-json\/wp\/v2\/media\/26274"}],"wp:attachment":[{"href":"https:\/\/www.radiomarket.fi\/en\/wp-json\/wp\/v2\/media?parent=26272"}],"curies":[{"name":"wp","href":"https:\/\/api.w.org\/{rel}","templated":true}]}}