{"id":26321,"date":"2021-03-02T09:48:51","date_gmt":"2021-03-02T07:48:51","guid":{"rendered":"https:\/\/www.radiomarket.fi\/?post_type=product&#038;p=26321"},"modified":"2021-12-01T12:32:38","modified_gmt":"2021-12-01T10:32:38","slug":"ekua1280-salora-metropol-5","status":"publish","type":"product","link":"https:\/\/www.radiomarket.fi\/en\/kohde\/ekua1280-salora-metropol-5\/","title":{"rendered":"EKUA1280 Salora Metropol 5"},"content":{"rendered":"<p>Radio testattu muutama vuosi sitten, kaikki toimi hyvin kunnes radio pimeni eik\u00e4 siihen tule en\u00e4\u00e4 virrat p\u00e4\u00e4lle. Radio voidaan myyd\u00e4 harkinnan mukaan osina tai kokonaisena. Tiedustele s\u00e4hk\u00f6postilla tai puhelimitse aukioloaikoina. Kuvan kaiuttimet myyty.<\/p>","protected":false},"excerpt":{"rendered":"<p>Radio testattu muutama vuosi sitten, kaikki toimi hyvin kunnes radio pimeni eik\u00e4 siihen tule en\u00e4\u00e4 virrat p\u00e4\u00e4lle. Radio voidaan myyd\u00e4 harkinnan mukaan osina tai kokonaisena. Tiedustele s\u00e4hk\u00f6postilla tai puhelimitse aukioloaikoina. Kuvan kaiuttimet myyty.<\/p>","protected":false},"featured_media":26323,"template":"","meta":[],"_links":{"self":[{"href":"https:\/\/www.radiomarket.fi\/en\/wp-json\/wp\/v2\/product\/26321"}],"collection":[{"href":"https:\/\/www.radiomarket.fi\/en\/wp-json\/wp\/v2\/product"}],"about":[{"href":"https:\/\/www.radiomarket.fi\/en\/wp-json\/wp\/v2\/types\/product"}],"wp:featuredmedia":[{"embeddable":true,"href":"https:\/\/www.radiomarket.fi\/en\/wp-json\/wp\/v2\/media\/26323"}],"wp:attachment":[{"href":"https:\/\/www.radiomarket.fi\/en\/wp-json\/wp\/v2\/media?parent=26321"}],"curies":[{"name":"wp","href":"https:\/\/api.w.org\/{rel}","templated":true}]}}