{"id":26443,"date":"2021-03-06T08:38:40","date_gmt":"2021-03-06T06:38:40","guid":{"rendered":"https:\/\/www.radiomarket.fi\/?post_type=product&#038;p=26443"},"modified":"2023-11-16T11:11:31","modified_gmt":"2023-11-16T09:11:31","slug":"ekua1288-marconi-ct-421","status":"publish","type":"product","link":"https:\/\/www.radiomarket.fi\/en\/kohde\/ekua1288-marconi-ct-421\/","title":{"rendered":"EKUA1288 Marconi Attenuator Variable CT-421"},"content":{"rendered":"<p>Marconi Instruments Ltd<br \/>Attenuator Variable CT421<br \/>s\u00e4\u00e4dett\u00e4v\u00e4 vaimennin<\/p><p>l.26, k.20, s.16<\/p>","protected":false},"excerpt":{"rendered":"<p>Suojakansi puuttuu.<\/p>","protected":false},"featured_media":26449,"template":"","meta":[],"_links":{"self":[{"href":"https:\/\/www.radiomarket.fi\/en\/wp-json\/wp\/v2\/product\/26443"}],"collection":[{"href":"https:\/\/www.radiomarket.fi\/en\/wp-json\/wp\/v2\/product"}],"about":[{"href":"https:\/\/www.radiomarket.fi\/en\/wp-json\/wp\/v2\/types\/product"}],"wp:featuredmedia":[{"embeddable":true,"href":"https:\/\/www.radiomarket.fi\/en\/wp-json\/wp\/v2\/media\/26449"}],"wp:attachment":[{"href":"https:\/\/www.radiomarket.fi\/en\/wp-json\/wp\/v2\/media?parent=26443"}],"curies":[{"name":"wp","href":"https:\/\/api.w.org\/{rel}","templated":true}]}}