{"id":26462,"date":"2021-03-06T18:36:39","date_gmt":"2021-03-06T16:36:39","guid":{"rendered":"https:\/\/www.radiomarket.fi\/?post_type=product&#038;p=26462"},"modified":"2021-03-07T10:09:17","modified_gmt":"2021-03-07T08:09:17","slug":"ekub0032-radioshack-kuulokkeet","status":"publish","type":"product","link":"https:\/\/www.radiomarket.fi\/en\/kohde\/ekub0032-radioshack-kuulokkeet\/","title":{"rendered":"EKUB0032 RadioShack kuulokkeet"},"content":{"rendered":"<p>Stereokuulokkeet. Hyv\u00e4t pehmusteet, kapseleita suojaavissa vaahtomuoveissa vikaa. \u00c4\u00e4nenvoimakkuuss\u00e4\u00e4t\u00f6<\/p><p>liukus\u00e4\u00e4timell\u00e4. Toimii.<\/p>","protected":false},"excerpt":{"rendered":"<p>S\u00e4\u00e4dett\u00e4v\u00e4 panta.<\/p>","protected":false},"featured_media":26467,"template":"","meta":[],"_links":{"self":[{"href":"https:\/\/www.radiomarket.fi\/en\/wp-json\/wp\/v2\/product\/26462"}],"collection":[{"href":"https:\/\/www.radiomarket.fi\/en\/wp-json\/wp\/v2\/product"}],"about":[{"href":"https:\/\/www.radiomarket.fi\/en\/wp-json\/wp\/v2\/types\/product"}],"wp:featuredmedia":[{"embeddable":true,"href":"https:\/\/www.radiomarket.fi\/en\/wp-json\/wp\/v2\/media\/26467"}],"wp:attachment":[{"href":"https:\/\/www.radiomarket.fi\/en\/wp-json\/wp\/v2\/media?parent=26462"}],"curies":[{"name":"wp","href":"https:\/\/api.w.org\/{rel}","templated":true}]}}