{"id":26477,"date":"2021-03-08T14:16:28","date_gmt":"2021-03-08T12:16:28","guid":{"rendered":"https:\/\/www.radiomarket.fi\/?post_type=product&#038;p=26477"},"modified":"2021-06-18T12:50:26","modified_gmt":"2021-06-18T09:50:26","slug":"ekua8261-jvc-rc-ez51h-stereoradionauhuri-cd-soitin","status":"publish","type":"product","link":"https:\/\/www.radiomarket.fi\/en\/kohde\/ekua8261-jvc-rc-ez51h-stereoradionauhuri-cd-soitin\/","title":{"rendered":"EKUA8261 JVC RC-EZ51H stereoradionauhuri-CD-soitin"},"content":{"rendered":"<p>Pudonnut kulmalleen, kotelo ja kantokahva murtunut. Viat n\u00e4kyv\u00e4t kuvassa.\u00a0 CD-levyn ja kasetin toisto toimivat. Radio toimii.<\/p>","protected":false},"excerpt":{"rendered":"<p>T\u00e4st\u00e4 kohteesta voidaan myyd\u00e4 my\u00f6s pelk\u00e4st\u00e4\u00e4n osia.<\/p>","protected":false},"featured_media":26483,"template":"","meta":[],"_links":{"self":[{"href":"https:\/\/www.radiomarket.fi\/en\/wp-json\/wp\/v2\/product\/26477"}],"collection":[{"href":"https:\/\/www.radiomarket.fi\/en\/wp-json\/wp\/v2\/product"}],"about":[{"href":"https:\/\/www.radiomarket.fi\/en\/wp-json\/wp\/v2\/types\/product"}],"wp:featuredmedia":[{"embeddable":true,"href":"https:\/\/www.radiomarket.fi\/en\/wp-json\/wp\/v2\/media\/26483"}],"wp:attachment":[{"href":"https:\/\/www.radiomarket.fi\/en\/wp-json\/wp\/v2\/media?parent=26477"}],"curies":[{"name":"wp","href":"https:\/\/api.w.org\/{rel}","templated":true}]}}