{"id":26513,"date":"2021-03-13T20:21:06","date_gmt":"2021-03-13T18:21:06","guid":{"rendered":"https:\/\/www.radiomarket.fi\/?post_type=product&#038;p=26513"},"modified":"2022-04-28T22:16:13","modified_gmt":"2022-04-28T19:16:13","slug":"ekub0035-monisaikeinen-15-m2-kuparijohto-kevi","status":"publish","type":"product","link":"https:\/\/www.radiomarket.fi\/en\/kohde\/ekub0035-monisaikeinen-15-m2-kuparijohto-kevi\/","title":{"rendered":"EKUB0035 monis\u00e4ikeinen 1,5 m2 kuparijohto kevi"},"content":{"rendered":"<p>T\u00e4ydess\u00e4 kelassa 100 metri\u00e4. K\u00e4ytt\u00e4m\u00e4t\u00f6n tuote NOS. Keltavihre\u00e4 vaippa suojamaadoitusv\u00e4ritys. J\u00e4ljell\u00e4 yksi vajaa kela alehintaan \u20ac25.00 (otettu hieman toisesta p\u00e4\u00e4st\u00e4)<\/p>","protected":false},"excerpt":{"rendered":"<p>T\u00e4ydess\u00e4 kelassa 100 metri\u00e4. K\u00e4ytt\u00e4m\u00e4t\u00f6n tuote NOS. Keltavihre\u00e4 vaippa suojamaadoitusv\u00e4ritys. J\u00e4ljell\u00e4 yksi vajaa kela alehintaan \u20ac25.00 (otettu hieman toisesta p\u00e4\u00e4st\u00e4)<\/p>","protected":false},"featured_media":26529,"template":"","meta":[],"_links":{"self":[{"href":"https:\/\/www.radiomarket.fi\/en\/wp-json\/wp\/v2\/product\/26513"}],"collection":[{"href":"https:\/\/www.radiomarket.fi\/en\/wp-json\/wp\/v2\/product"}],"about":[{"href":"https:\/\/www.radiomarket.fi\/en\/wp-json\/wp\/v2\/types\/product"}],"wp:featuredmedia":[{"embeddable":true,"href":"https:\/\/www.radiomarket.fi\/en\/wp-json\/wp\/v2\/media\/26529"}],"wp:attachment":[{"href":"https:\/\/www.radiomarket.fi\/en\/wp-json\/wp\/v2\/media?parent=26513"}],"curies":[{"name":"wp","href":"https:\/\/api.w.org\/{rel}","templated":true}]}}