{"id":26515,"date":"2021-03-13T20:32:35","date_gmt":"2021-03-13T18:32:35","guid":{"rendered":"https:\/\/www.radiomarket.fi\/?post_type=product&#038;p=26515"},"modified":"2022-02-08T21:29:57","modified_gmt":"2022-02-08T19:29:57","slug":"ekua1295-vrlk-liikennevastaanotin-veera","status":"publish","type":"product","link":"https:\/\/www.radiomarket.fi\/en\/kohde\/ekua1295-vrlk-liikennevastaanotin-veera\/","title":{"rendered":"EKUA1295 Nokkanupit VRLK liikennevastaanottimeen \u201dVEERA\u201d"},"content":{"rendered":"<p>Kolme kappaletta nokkanuppeja kuvan VRLK-vastaanottimeen, sek\u00e4 yksi kahteen osaan haljennut (liimattavissa).<br \/><br \/>VRLK, eli peitenimelt\u00e4\u00e4n &#8220;Veera&#8221;. (ASA 852). 8+1-putkinen supervastaanotin. Poistettiin Puolustusvoimien k\u00e4yt\u00f6st\u00e4 1980-luvulla ja lopullisesti varastoista 1990-luvulla. Vastaanotto: s\u00e4hk\u00f6tys A1, soinnullinen s\u00e4hk\u00f6tys A2 ja puhe A3. Aaltoalueet: alue A: 20300 &#8211; 11600 kHz, alue B: 11700 \u2013 5850 kHz, alue C: 5900 \u2013 2950 kHz, alue D: 2960 \u2013 1480 kHz, alue E: 560 \u2013 233 kHz. Lis\u00e4ksi kiinte\u00e4 viritys Lahden silloiselle Yleisradioasemalle, 166 kHz. Paino: kokonainen vastaanotin 27 kg. Liikennevastaanottimessa k\u00e4ytettiin\u00a0 Philipsin \u201dpunainen sarja\u201d putkia.<br \/><br \/><strong>J\u00e4ljell\u00e4 olevat osat:\u00a0<\/strong><\/p><p>Kolme kappaletta nokkanuppeja kuvan VRLK-vastaanottimeen, sek\u00e4 yksi kahteen osaan haljennut (liimattavissa).<br \/><br \/><strong>Purettuja osia:<\/strong><br \/><br \/>Kansiosa puuttuu<br \/>Asteikkolasi<br \/>Putket puuttuvat<br \/>Yksi takasein\u00e4n liittimist\u00e4 puuttuu<br \/>Alempi nuppi kiinnityksest\u00e4 osin murtunut. Isot nupit myyty varaosiksi.<br \/>Loppu raato nokkanuppeja lukuunottamatta myyty varaosiksi.<\/p>","protected":false},"excerpt":{"rendered":"<p>Kolme kappaletta nokkanuppeja kuvan VRLK-vastaanottimeen, sek\u00e4 yksi kahteen osaan haljennut (liimattavissa).VRLK, eli peitenimelt\u00e4\u00e4n &#8220;Veera&#8221;. (ASA 852). 8+1-putkinen supervastaanotin. Poistettiin Puolustusvoimien k\u00e4yt\u00f6st\u00e4 1980-luvulla ja lopullisesti varastoista 1990-luvulla. Vastaanotto: s\u00e4hk\u00f6tys A1, soinnullinen s\u00e4hk\u00f6tys A2 ja puhe A3. Aaltoalueet: alue A: 20300 &#8211; 11600 kHz, alue B: 11700 \u2013 5850 kHz, alue C: 5900 \u2013 2950 kHz, alue &hellip;<\/p>\n<p class=\"read-more\"> <a class=\"thunk-readmore button\" href=\"https:\/\/www.radiomarket.fi\/en\/kohde\/ekua1295-vrlk-liikennevastaanotin-veera\/\"> <span class=\"screen-reader-text\">EKUA1295 Nokkanupit VRLK liikennevastaanottimeen \u201dVEERA\u201d<\/span>Read More<\/a><\/p>","protected":false},"featured_media":26517,"template":"","meta":[],"_links":{"self":[{"href":"https:\/\/www.radiomarket.fi\/en\/wp-json\/wp\/v2\/product\/26515"}],"collection":[{"href":"https:\/\/www.radiomarket.fi\/en\/wp-json\/wp\/v2\/product"}],"about":[{"href":"https:\/\/www.radiomarket.fi\/en\/wp-json\/wp\/v2\/types\/product"}],"wp:featuredmedia":[{"embeddable":true,"href":"https:\/\/www.radiomarket.fi\/en\/wp-json\/wp\/v2\/media\/26517"}],"wp:attachment":[{"href":"https:\/\/www.radiomarket.fi\/en\/wp-json\/wp\/v2\/media?parent=26515"}],"curies":[{"name":"wp","href":"https:\/\/api.w.org\/{rel}","templated":true}]}}