{"id":26522,"date":"2021-03-13T20:50:36","date_gmt":"2021-03-13T18:50:36","guid":{"rendered":"https:\/\/www.radiomarket.fi\/?post_type=product&#038;p=26522"},"modified":"2021-03-14T09:09:02","modified_gmt":"2021-03-14T07:09:02","slug":"ekub0038-laatikon-kromattu-lankavedin-78-mm","status":"publish","type":"product","link":"https:\/\/www.radiomarket.fi\/en\/kohde\/ekub0038-laatikon-kromattu-lankavedin-78-mm\/","title":{"rendered":"EKUB0038 laatikon kromattu lankavedin 78 mm 1950-luku"},"content":{"rendered":"<p>Purettu 1950-60-luvulla valmistetusta kimpiovisesta kaapistosta. L\u00e4pivientireikien keskipisteiden v\u00e4li 78 mm. Parhaat myyd\u00e4\u00e4n ensin.<\/p>","protected":false},"excerpt":{"rendered":"<p>Purettu 1950-60-luvulla valmistetusta kimpiovisesta kaapistosta. L\u00e4pivientireikien keskipisteiden v\u00e4li 78 mm. Parhaat myyd\u00e4\u00e4n ensin.<\/p>","protected":false},"featured_media":26527,"template":"","meta":[],"_links":{"self":[{"href":"https:\/\/www.radiomarket.fi\/en\/wp-json\/wp\/v2\/product\/26522"}],"collection":[{"href":"https:\/\/www.radiomarket.fi\/en\/wp-json\/wp\/v2\/product"}],"about":[{"href":"https:\/\/www.radiomarket.fi\/en\/wp-json\/wp\/v2\/types\/product"}],"wp:featuredmedia":[{"embeddable":true,"href":"https:\/\/www.radiomarket.fi\/en\/wp-json\/wp\/v2\/media\/26527"}],"wp:attachment":[{"href":"https:\/\/www.radiomarket.fi\/en\/wp-json\/wp\/v2\/media?parent=26522"}],"curies":[{"name":"wp","href":"https:\/\/api.w.org\/{rel}","templated":true}]}}