{"id":26596,"date":"2021-03-18T15:10:27","date_gmt":"2021-03-18T13:10:27","guid":{"rendered":"https:\/\/www.radiomarket.fi\/?post_type=product&#038;p=26596"},"modified":"2023-02-17T11:15:17","modified_gmt":"2023-02-17T09:15:17","slug":"ekua1297-sony-tc-d5m-reportterinauhuri","status":"publish","type":"product","link":"https:\/\/www.radiomarket.fi\/en\/kohde\/ekua1297-sony-tc-d5m-reportterinauhuri\/","title":{"rendered":"EKUA1297 Sony TC-D5M reportterinauhuri"},"content":{"rendered":"<p>Pintapuolisessa tarkastuksessa havaittu seuraavaa: vasemman tason s\u00e4\u00e4t\u00f6nuppi h\u00f6ll\u00e4ss\u00e4. Naarmu kasettiluukun muovissa. Tarranj\u00e4\u00e4m\u00e4 kyljess\u00e4. Paristokotelossa hapettumaa. Kokeiltu paristoilla, toistaa kasettia hyvin. Kelaa eteen ja taakse. Nauhoitustoimintoa ei testattu.<\/p>","protected":false},"excerpt":{"rendered":"<p>Pintapuolisessa tarkastuksessa havaittu seuraavaa: vasemman tason s\u00e4\u00e4t\u00f6nuppi h\u00f6ll\u00e4ss\u00e4. Naarmu kasettiluukun muovissa. Tarranj\u00e4\u00e4m\u00e4 kyljess\u00e4. Paristokotelossa hapettumaa. Kokeiltu paristoilla, toistaa kasettia hyvin. Kelaa eteen ja taakse. Nauhoitustoimintoa ei testattu.<\/p>","protected":false},"featured_media":26597,"template":"","meta":[],"_links":{"self":[{"href":"https:\/\/www.radiomarket.fi\/en\/wp-json\/wp\/v2\/product\/26596"}],"collection":[{"href":"https:\/\/www.radiomarket.fi\/en\/wp-json\/wp\/v2\/product"}],"about":[{"href":"https:\/\/www.radiomarket.fi\/en\/wp-json\/wp\/v2\/types\/product"}],"wp:featuredmedia":[{"embeddable":true,"href":"https:\/\/www.radiomarket.fi\/en\/wp-json\/wp\/v2\/media\/26597"}],"wp:attachment":[{"href":"https:\/\/www.radiomarket.fi\/en\/wp-json\/wp\/v2\/media?parent=26596"}],"curies":[{"name":"wp","href":"https:\/\/api.w.org\/{rel}","templated":true}]}}