{"id":26709,"date":"2021-03-23T16:18:45","date_gmt":"2021-03-23T14:18:45","guid":{"rendered":"https:\/\/www.radiomarket.fi\/?post_type=product&#038;p=26709"},"modified":"2025-10-23T03:12:28","modified_gmt":"2025-10-23T00:12:28","slug":"ekua8268-spy-news-lehti","status":"publish","type":"product","link":"https:\/\/www.radiomarket.fi\/en\/kohde\/ekua8268-spy-news-lehti\/","title":{"rendered":"EKUA8268 Spy News lehti"},"content":{"rendered":"<p>Ruotsinkielinen lehti teollisuusvakoilusta. Liittyy kirjaan Moderna Spioner.<\/p>","protected":false},"excerpt":{"rendered":"<p>Yksi lehti on pyydett\u00e4ess\u00e4 ilmainen muun tilauksen yhteydess\u00e4.<\/p>","protected":false},"featured_media":26713,"template":"","meta":[],"_links":{"self":[{"href":"https:\/\/www.radiomarket.fi\/en\/wp-json\/wp\/v2\/product\/26709"}],"collection":[{"href":"https:\/\/www.radiomarket.fi\/en\/wp-json\/wp\/v2\/product"}],"about":[{"href":"https:\/\/www.radiomarket.fi\/en\/wp-json\/wp\/v2\/types\/product"}],"wp:featuredmedia":[{"embeddable":true,"href":"https:\/\/www.radiomarket.fi\/en\/wp-json\/wp\/v2\/media\/26713"}],"wp:attachment":[{"href":"https:\/\/www.radiomarket.fi\/en\/wp-json\/wp\/v2\/media?parent=26709"}],"curies":[{"name":"wp","href":"https:\/\/api.w.org\/{rel}","templated":true}]}}