{"id":26873,"date":"2021-03-31T12:07:51","date_gmt":"2021-03-31T09:07:51","guid":{"rendered":"https:\/\/www.radiomarket.fi\/?post_type=product&#038;p=26873"},"modified":"2021-04-08T15:47:09","modified_gmt":"2021-04-08T12:47:09","slug":"ekua8283-philips-audiokaukosaadin-cd-tuner-usb","status":"publish","type":"product","link":"https:\/\/www.radiomarket.fi\/en\/kohde\/ekua8283-philips-audiokaukosaadin-cd-tuner-usb\/","title":{"rendered":"EKUA8283 Philips audiokaukos\u00e4\u00e4din CD TUNER USB"},"content":{"rendered":"<p>Paristo CR2025, kameratestill\u00e4 ei n\u00e4kyv\u00e4\u00e4 toimintaa. P\u00e4\u00e4llisin puolin hyv\u00e4kuntoinen.<\/p>","protected":false},"excerpt":{"rendered":"<p>Paristo CR2025, kameratestill\u00e4 ei n\u00e4kyv\u00e4\u00e4 toimintaa. P\u00e4\u00e4llisin puolin hyv\u00e4kuntoinen.<\/p>","protected":false},"featured_media":26874,"template":"","meta":[],"_links":{"self":[{"href":"https:\/\/www.radiomarket.fi\/en\/wp-json\/wp\/v2\/product\/26873"}],"collection":[{"href":"https:\/\/www.radiomarket.fi\/en\/wp-json\/wp\/v2\/product"}],"about":[{"href":"https:\/\/www.radiomarket.fi\/en\/wp-json\/wp\/v2\/types\/product"}],"wp:featuredmedia":[{"embeddable":true,"href":"https:\/\/www.radiomarket.fi\/en\/wp-json\/wp\/v2\/media\/26874"}],"wp:attachment":[{"href":"https:\/\/www.radiomarket.fi\/en\/wp-json\/wp\/v2\/media?parent=26873"}],"curies":[{"name":"wp","href":"https:\/\/api.w.org\/{rel}","templated":true}]}}