{"id":26876,"date":"2021-03-31T13:31:23","date_gmt":"2021-03-31T10:31:23","guid":{"rendered":"https:\/\/www.radiomarket.fi\/?post_type=product&#038;p=26876"},"modified":"2021-04-13T12:19:01","modified_gmt":"2021-04-13T09:19:01","slug":"ekua8284-sra-svenska-radioaktiebolaget-stockholm-kotelo","status":"publish","type":"product","link":"https:\/\/www.radiomarket.fi\/en\/kohde\/ekua8284-sra-svenska-radioaktiebolaget-stockholm-kotelo\/","title":{"rendered":"EKUA8284 SRA Svenska Radioaktiebolaget Stockholm kotelo"},"content":{"rendered":"<p>Radiokoteloon on porattu lis\u00e4reiki\u00e4. Alkuper\u00e4inen tehtaan kilpi.<\/p>","protected":false},"excerpt":{"rendered":"<p>Radiokoteloon on porattu lis\u00e4reiki\u00e4. Alkuper\u00e4inen tehtaan kilpi.<\/p>","protected":false},"featured_media":26877,"template":"","meta":[],"_links":{"self":[{"href":"https:\/\/www.radiomarket.fi\/en\/wp-json\/wp\/v2\/product\/26876"}],"collection":[{"href":"https:\/\/www.radiomarket.fi\/en\/wp-json\/wp\/v2\/product"}],"about":[{"href":"https:\/\/www.radiomarket.fi\/en\/wp-json\/wp\/v2\/types\/product"}],"wp:featuredmedia":[{"embeddable":true,"href":"https:\/\/www.radiomarket.fi\/en\/wp-json\/wp\/v2\/media\/26877"}],"wp:attachment":[{"href":"https:\/\/www.radiomarket.fi\/en\/wp-json\/wp\/v2\/media?parent=26876"}],"curies":[{"name":"wp","href":"https:\/\/api.w.org\/{rel}","templated":true}]}}