{"id":26893,"date":"2023-08-28T01:29:00","date_gmt":"2023-08-27T22:29:00","guid":{"rendered":"https:\/\/www.radiomarket.fi\/?post_type=product&#038;p=26893"},"modified":"2023-08-27T19:14:29","modified_gmt":"2023-08-27T16:14:29","slug":"ekua8286-aurora-215-olympic-games-8-mm-super-camera-special-edition","status":"publish","type":"product","link":"https:\/\/www.radiomarket.fi\/en\/kohde\/ekua8286-aurora-215-olympic-games-8-mm-super-camera-special-edition\/","title":{"rendered":"EKUA8286 Aurora 215 Olympic Games 8 mm super camera special edition"},"content":{"rendered":"<p>Kunto p\u00e4\u00e4llisin puolin virheet\u00f6n, olympiavuoden erikoismalli. Mukana filmikasetti, jonka sis\u00e4ll\u00f6st\u00e4 ei ole tietoa. Moskovan olympialaiset -tuote. Aurora Moscow Olympic Games edition 8 mm camera.<\/p>","protected":false},"excerpt":{"rendered":"<p>Kunto p\u00e4\u00e4llisin puolin virheet\u00f6n, olympiavuoden erikoismalli. Mukana filmikasetti, jonka sis\u00e4ll\u00f6st\u00e4 ei ole tietoa. Moskovan olympialaiset -tuote. Aurora Moscow Olympic Games edition 8 mm camera.<\/p>","protected":false},"featured_media":26897,"template":"","meta":[],"_links":{"self":[{"href":"https:\/\/www.radiomarket.fi\/en\/wp-json\/wp\/v2\/product\/26893"}],"collection":[{"href":"https:\/\/www.radiomarket.fi\/en\/wp-json\/wp\/v2\/product"}],"about":[{"href":"https:\/\/www.radiomarket.fi\/en\/wp-json\/wp\/v2\/types\/product"}],"wp:featuredmedia":[{"embeddable":true,"href":"https:\/\/www.radiomarket.fi\/en\/wp-json\/wp\/v2\/media\/26897"}],"wp:attachment":[{"href":"https:\/\/www.radiomarket.fi\/en\/wp-json\/wp\/v2\/media?parent=26893"}],"curies":[{"name":"wp","href":"https:\/\/api.w.org\/{rel}","templated":true}]}}