{"id":26916,"date":"2021-04-07T14:53:06","date_gmt":"2021-04-07T11:53:06","guid":{"rendered":"https:\/\/www.radiomarket.fi\/?post_type=product&#038;p=26916"},"modified":"2021-09-13T16:24:56","modified_gmt":"2021-09-13T13:24:56","slug":"ekua8288-sr-svenska-radioaktiebolaget-radiola-m60-kotelo","status":"publish","type":"product","link":"https:\/\/www.radiomarket.fi\/en\/kohde\/ekua8288-sr-svenska-radioaktiebolaget-radiola-m60-kotelo\/","title":{"rendered":"EKUA8288 SR Svenska Radioaktiebolaget Radiola M60 kotelo (EKUS)"},"content":{"rendered":"<p>Radiokotelo, pohjassa provsedel -j\u00e4\u00e4nn\u00f6kset.<\/p>","protected":false},"excerpt":{"rendered":"<p>Radiokotelo, pohjassa provsedel -j\u00e4\u00e4nn\u00f6kset.<\/p>","protected":false},"featured_media":26918,"template":"","meta":[],"_links":{"self":[{"href":"https:\/\/www.radiomarket.fi\/en\/wp-json\/wp\/v2\/product\/26916"}],"collection":[{"href":"https:\/\/www.radiomarket.fi\/en\/wp-json\/wp\/v2\/product"}],"about":[{"href":"https:\/\/www.radiomarket.fi\/en\/wp-json\/wp\/v2\/types\/product"}],"wp:featuredmedia":[{"embeddable":true,"href":"https:\/\/www.radiomarket.fi\/en\/wp-json\/wp\/v2\/media\/26918"}],"wp:attachment":[{"href":"https:\/\/www.radiomarket.fi\/en\/wp-json\/wp\/v2\/media?parent=26916"}],"curies":[{"name":"wp","href":"https:\/\/api.w.org\/{rel}","templated":true}]}}