{"id":26921,"date":"2021-04-07T15:23:12","date_gmt":"2021-04-07T12:23:12","guid":{"rendered":"https:\/\/www.radiomarket.fi\/?post_type=product&#038;p=26921"},"modified":"2021-04-07T17:15:55","modified_gmt":"2021-04-07T14:15:55","slug":"ekub0058-hoover-4554-silitysrauta-finnish-edition","status":"publish","type":"product","link":"https:\/\/www.radiomarket.fi\/en\/kohde\/ekub0058-hoover-4554-silitysrauta-finnish-edition\/","title":{"rendered":"EKUB0058 Hoover 4554 silitysrauta Finnish Edition"},"content":{"rendered":"<p>Silitysrauta ajalta, kun \u00e4iti isi\u00e4 raudalla l\u00f6i. Pistoke puuttuu. Varhainen Suomeen valmistettu, suomeksi tekstitetty h\u00f6yrysilitysrauta. Englannissa t\u00e4m\u00e4n mallin valmistus alkoi noin 1962.<\/p>","protected":false},"excerpt":{"rendered":"<p>Hoover 4554 Finnish edition.<\/p>","protected":false},"featured_media":26927,"template":"","meta":[],"_links":{"self":[{"href":"https:\/\/www.radiomarket.fi\/en\/wp-json\/wp\/v2\/product\/26921"}],"collection":[{"href":"https:\/\/www.radiomarket.fi\/en\/wp-json\/wp\/v2\/product"}],"about":[{"href":"https:\/\/www.radiomarket.fi\/en\/wp-json\/wp\/v2\/types\/product"}],"wp:featuredmedia":[{"embeddable":true,"href":"https:\/\/www.radiomarket.fi\/en\/wp-json\/wp\/v2\/media\/26927"}],"wp:attachment":[{"href":"https:\/\/www.radiomarket.fi\/en\/wp-json\/wp\/v2\/media?parent=26921"}],"curies":[{"name":"wp","href":"https:\/\/api.w.org\/{rel}","templated":true}]}}