{"id":26969,"date":"2021-04-08T15:29:58","date_gmt":"2021-04-08T12:29:58","guid":{"rendered":"https:\/\/www.radiomarket.fi\/?post_type=product&#038;p=26969"},"modified":"2021-04-08T15:30:43","modified_gmt":"2021-04-08T12:30:43","slug":"ekua0285x-k-e-r-t-virtalahde-5a","status":"publish","type":"product","link":"https:\/\/www.radiomarket.fi\/en\/kohde\/ekua0285x-k-e-r-t-virtalahde-5a\/","title":{"rendered":"EKUA0285x K.E.R.T. virtal\u00e4hde 5A"},"content":{"rendered":"<p>Kylm\u00e4s\u00e4ilytetty.<\/p>","protected":false},"excerpt":{"rendered":"<p>Kylm\u00e4s\u00e4ilytetty.<\/p>","protected":false},"featured_media":26970,"template":"","meta":[],"_links":{"self":[{"href":"https:\/\/www.radiomarket.fi\/en\/wp-json\/wp\/v2\/product\/26969"}],"collection":[{"href":"https:\/\/www.radiomarket.fi\/en\/wp-json\/wp\/v2\/product"}],"about":[{"href":"https:\/\/www.radiomarket.fi\/en\/wp-json\/wp\/v2\/types\/product"}],"wp:featuredmedia":[{"embeddable":true,"href":"https:\/\/www.radiomarket.fi\/en\/wp-json\/wp\/v2\/media\/26970"}],"wp:attachment":[{"href":"https:\/\/www.radiomarket.fi\/en\/wp-json\/wp\/v2\/media?parent=26969"}],"curies":[{"name":"wp","href":"https:\/\/api.w.org\/{rel}","templated":true}]}}