{"id":26971,"date":"2025-02-05T11:39:37","date_gmt":"2025-02-05T09:39:37","guid":{"rendered":"https:\/\/www.radiomarket.fi\/?post_type=product&#038;p=26971"},"modified":"2026-02-22T11:25:36","modified_gmt":"2026-02-22T09:25:36","slug":"ekua1312-luxor-painonappi","status":"publish","type":"product","link":"https:\/\/www.radiomarket.fi\/en\/kohde\/ekua1312-luxor-painonappi\/","title":{"rendered":"EKUA1312 Helvar Celeston Luxor Salora painonappi (EKUM)"},"content":{"rendered":"<p>K\u00e4ytettyj\u00e4 purkuradioista purettuja. Myyd\u00e4\u00e4n paremmuusj\u00e4rjestyksess\u00e4. S\u00e4vyerot mahdollisia, painonapeissa voi olla ajan saatossa syntynytt\u00e4 kellastumaa, ja k\u00e4yt\u00f6st\u00e4 johtuen kulumaa ja naarmua. Kirjetoimitus. Eroaa EKUM0072 painonapista syvyyden osalta, t\u00e4m\u00e4 pari milli\u00e4 syvempi. Sis\u00e4puolen kiinnitys parhaana tuntomerkkin\u00e4 (puolikuun muotoinen). Hieman pienempi kuin Riviera 58 -mallin painonappi.<br \/><br \/><strong>Sopivuus seuraaviin malleihin:<\/strong><br \/><br \/>Tietyt Helvar\/Celeston 6 ja 8-painikkeiset mallit:<br \/>Esim. Helvar Melodia, Celeston Carmen, Helvar Traviata, Helvar Stereo Kristall, Celeston Cortina(?) EKUA3822, Celeston Capella.<br \/>Jotkin Helvar Jupiter ja Celeston Concerto -radiot (kts. EKUA1343). Joissakin Jupiter-versioissa on k\u00e4ytetty my\u00f6s painonappia EKUA1293.<br \/>Salora (malli ei tiedossa) EKUA9762<br \/>Salora Sevilla: ainakin johonkin vuosimalliin, vuosimalli ei tiedossa, ostajan tulee varmistua sopivuudesta kuvien perusteella<br \/>Salora Riviera 59<br \/>Salora Rosita 60<br \/>Salora 670 (sis\u00e4osan perusteella vaikuttaa samalta, asiakkaan kannattaa kuitenkin varmistaa mittojen osalta sopivuus)<br \/>Salora 780 (EKUM3897)<br \/>Mahdollisesti Luxor Ambassad\u00f6r 5512W<br \/><br \/>Varmistathan aina sopivuuden omaan laitteeseesi sis\u00e4puolen kiinnityst\u00e4 vertaamalla ennen varaosan hankkimista.<\/p>","protected":false},"excerpt":{"rendered":"<p>K\u00e4ytettyj\u00e4 purkuradioista purettuja. Myyd\u00e4\u00e4n paremmuusj\u00e4rjestyksess\u00e4. S\u00e4vyerot mahdollisia, painonapeissa voi olla ajan saatossa syntynytt\u00e4 kellastumaa, ja k\u00e4yt\u00f6st\u00e4 johtuen kulumaa ja naarmua. Kirjetoimitus. Eroaa EKUM0072 painonapista syvyyden osalta, t\u00e4m\u00e4 pari milli\u00e4 syvempi. Sis\u00e4puolen kiinnitys parhaana tuntomerkkin\u00e4 (puolikuun muotoinen). Hieman pienempi kuin Riviera 58 -mallin painonappi.Sopivuus seuraaviin malleihin:Tietyt Helvar\/Celeston 6 ja 8-painikkeiset mallit:Esim. Helvar Melodia, Celeston Carmen, Helvar &hellip;<\/p>\n<p class=\"read-more\"> <a class=\"thunk-readmore button\" href=\"https:\/\/www.radiomarket.fi\/en\/kohde\/ekua1312-luxor-painonappi\/\"> <span class=\"screen-reader-text\">EKUA1312 Helvar Celeston Luxor Salora painonappi (EKUM)<\/span>Read More<\/a><\/p>","protected":false},"featured_media":40062,"template":"","meta":[],"_links":{"self":[{"href":"https:\/\/www.radiomarket.fi\/en\/wp-json\/wp\/v2\/product\/26971"}],"collection":[{"href":"https:\/\/www.radiomarket.fi\/en\/wp-json\/wp\/v2\/product"}],"about":[{"href":"https:\/\/www.radiomarket.fi\/en\/wp-json\/wp\/v2\/types\/product"}],"wp:featuredmedia":[{"embeddable":true,"href":"https:\/\/www.radiomarket.fi\/en\/wp-json\/wp\/v2\/media\/40062"}],"wp:attachment":[{"href":"https:\/\/www.radiomarket.fi\/en\/wp-json\/wp\/v2\/media?parent=26971"}],"curies":[{"name":"wp","href":"https:\/\/api.w.org\/{rel}","templated":true}]}}