{"id":26974,"date":"2021-04-08T16:22:12","date_gmt":"2021-04-08T13:22:12","guid":{"rendered":"https:\/\/www.radiomarket.fi\/?post_type=product&#038;p=26974"},"modified":"2026-04-07T15:11:41","modified_gmt":"2026-04-07T12:11:41","slug":"ekua1313-helkama-ergo-painonappi","status":"publish","type":"product","link":"https:\/\/www.radiomarket.fi\/en\/kohde\/ekua1313-helkama-ergo-painonappi\/","title":{"rendered":"EKUA1313 Helkama Ergo painonappi (EKUM)"},"content":{"rendered":"<p>Uusia 2kpl. K\u00e4ytettyj\u00e4 purkuradiosta purettuja 2 kpl. Kirjetoimitus. Myyd\u00e4\u00e4n paremmuusj\u00e4rjestyksess\u00e4, viimeinen kappale hieman lohjennut sis\u00e4puolelta (n\u00e4kym\u00e4t\u00f6n paikka ulosp\u00e4in painonapin ollessa paikallaan)<br \/><br \/>Sopivuus ainakin seuraaviin malleihin:<br \/><br \/>Helkama HR7920<br \/>Ergo Melodia Super<br \/>Helkama HR-STEREO 5001 W<br \/>Ergo Serenata(?)<br \/><br \/>Samalla painonapilla olevia aluevalitsimia tuote EKUA2881, josta voidaan myyd\u00e4 my\u00f6s painonappeja erikseen.<\/p>","protected":false},"excerpt":{"rendered":"<p>Uusia 2kpl. K\u00e4ytettyj\u00e4 purkuradiosta purettuja 2 kpl. Kirjetoimitus. Myyd\u00e4\u00e4n paremmuusj\u00e4rjestyksess\u00e4, viimeinen kappale hieman lohjennut sis\u00e4puolelta (n\u00e4kym\u00e4t\u00f6n paikka ulosp\u00e4in painonapin ollessa paikallaan)Sopivuus ainakin seuraaviin malleihin:Helkama HR7920Ergo Melodia SuperHelkama HR-STEREO 5001 WErgo Serenata(?)Samalla painonapilla olevia aluevalitsimia tuote EKUA2881, josta voidaan myyd\u00e4 my\u00f6s painonappeja erikseen.<\/p>","protected":false},"featured_media":26976,"template":"","meta":[],"_links":{"self":[{"href":"https:\/\/www.radiomarket.fi\/en\/wp-json\/wp\/v2\/product\/26974"}],"collection":[{"href":"https:\/\/www.radiomarket.fi\/en\/wp-json\/wp\/v2\/product"}],"about":[{"href":"https:\/\/www.radiomarket.fi\/en\/wp-json\/wp\/v2\/types\/product"}],"wp:featuredmedia":[{"embeddable":true,"href":"https:\/\/www.radiomarket.fi\/en\/wp-json\/wp\/v2\/media\/26976"}],"wp:attachment":[{"href":"https:\/\/www.radiomarket.fi\/en\/wp-json\/wp\/v2\/media?parent=26974"}],"curies":[{"name":"wp","href":"https:\/\/api.w.org\/{rel}","templated":true}]}}