{"id":27008,"date":"2021-04-14T16:37:09","date_gmt":"2021-04-14T13:37:09","guid":{"rendered":"https:\/\/www.radiomarket.fi\/?post_type=product&#038;p=27008"},"modified":"2021-04-15T15:54:16","modified_gmt":"2021-04-15T12:54:16","slug":"ekua8300-e-bench-kh2370-dvd-cd-combo","status":"publish","type":"product","link":"https:\/\/www.radiomarket.fi\/en\/kohde\/ekua8300-e-bench-kh2370-dvd-cd-combo\/","title":{"rendered":"EKUA8300 e-Bench KH2370 DVD CD Combo"},"content":{"rendered":"<p>Ei avaa CD\/DVD-luukkua. Valot ja n\u00e4ytt\u00f6 toimii. Kaukos\u00e4\u00e4din puuttuu tai on meill\u00e4 myynniss\u00e4 mutta ei ole osattu yhdist\u00e4\u00e4 t\u00e4h\u00e4n laitteeseen.<\/p><p>Lidlin tuotemerkki e-Bench.<\/p>","protected":false},"excerpt":{"rendered":"<p>Edess\u00e4 keskell\u00e4 n\u00e4kyv\u00e4 pystysuora j\u00e4lki on steariinivaluma, jota ei ole yritetty poistaa.<\/p>","protected":false},"featured_media":27016,"template":"","meta":[],"_links":{"self":[{"href":"https:\/\/www.radiomarket.fi\/en\/wp-json\/wp\/v2\/product\/27008"}],"collection":[{"href":"https:\/\/www.radiomarket.fi\/en\/wp-json\/wp\/v2\/product"}],"about":[{"href":"https:\/\/www.radiomarket.fi\/en\/wp-json\/wp\/v2\/types\/product"}],"wp:featuredmedia":[{"embeddable":true,"href":"https:\/\/www.radiomarket.fi\/en\/wp-json\/wp\/v2\/media\/27016"}],"wp:attachment":[{"href":"https:\/\/www.radiomarket.fi\/en\/wp-json\/wp\/v2\/media?parent=27008"}],"curies":[{"name":"wp","href":"https:\/\/api.w.org\/{rel}","templated":true}]}}