{"id":27009,"date":"2021-04-14T20:24:02","date_gmt":"2021-04-14T17:24:02","guid":{"rendered":"https:\/\/www.radiomarket.fi\/?post_type=product&#038;p=27009"},"modified":"2023-08-24T10:42:49","modified_gmt":"2023-08-24T07:42:49","slug":"ekua8299-nokia-6110-nse-3nx-matkapuhelin","status":"publish","type":"product","link":"https:\/\/www.radiomarket.fi\/en\/kohde\/ekua8299-nokia-6110-nse-3nx-matkapuhelin\/","title":{"rendered":"EKUA8299 Nokia 6110 NSE-3NX matkapuhelin (EKUM)"},"content":{"rendered":"<p>Vastaanottaa ladattaessa virtaa, mink\u00e4 merkiksi piippaa, kun laturi kytket\u00e4\u00e4n. K\u00e4ynnistett\u00e4ess\u00e4 n\u00e4yt\u00f6n valo syttyy. N\u00e4pp\u00e4imi\u00e4 painettaessa reagoi n\u00e4pp\u00e4in\u00e4\u00e4nen antamalla. N\u00e4yt\u00f6ss\u00e4 ei kuitenkaan n\u00e4y mit\u00e4\u00e4n. Ilmeisesti n\u00e4ytt\u00f6vikainen. Mukana tarvikeakku 3\/2000, sopii malleihin Nokia 6110, Nokia 6150, Nokia 5110 ja Nokia 7110.<\/p>","protected":false},"excerpt":{"rendered":"<p>Kuori on hyv\u00e4kuntoinen mutta likainen.<\/p>","protected":false},"featured_media":27041,"template":"","meta":[],"_links":{"self":[{"href":"https:\/\/www.radiomarket.fi\/en\/wp-json\/wp\/v2\/product\/27009"}],"collection":[{"href":"https:\/\/www.radiomarket.fi\/en\/wp-json\/wp\/v2\/product"}],"about":[{"href":"https:\/\/www.radiomarket.fi\/en\/wp-json\/wp\/v2\/types\/product"}],"wp:featuredmedia":[{"embeddable":true,"href":"https:\/\/www.radiomarket.fi\/en\/wp-json\/wp\/v2\/media\/27041"}],"wp:attachment":[{"href":"https:\/\/www.radiomarket.fi\/en\/wp-json\/wp\/v2\/media?parent=27009"}],"curies":[{"name":"wp","href":"https:\/\/api.w.org\/{rel}","templated":true}]}}