{"id":27012,"date":"2021-04-15T14:22:28","date_gmt":"2021-04-15T11:22:28","guid":{"rendered":"https:\/\/www.radiomarket.fi\/?post_type=product&#038;p=27012"},"modified":"2021-04-15T14:57:16","modified_gmt":"2021-04-15T11:57:16","slug":"ekua8301-mikropiirit-axxxxx","status":"publish","type":"product","link":"https:\/\/www.radiomarket.fi\/en\/kohde\/ekua8301-mikropiirit-axxxxx\/","title":{"rendered":"EKUA8301 mikropiirit Axxxxx"},"content":{"rendered":"<p>Alla olevan listauksen mukaisia mikropiirej\u00e4 pit\u00e4isi olla varastossamme ainakin 1 kpl. Tilatessasi ilmoitathan mink\u00e4 mikropiirin haluat. Mik\u00e4li haluat tilata useamman kuin yhden kappaleen, voit varmistaa varastotilanteen viestill\u00e4. Tilaus toimitetaan kirjeell\u00e4 mik\u00e4li mahdollista. Valmistaja voi vaihdella.<br \/><br \/>AM275291APC<\/p>","protected":false},"excerpt":{"rendered":"<p>Alla olevan listauksen mukaisia mikropiirej\u00e4 pit\u00e4isi olla varastossamme ainakin 1 kpl. Tilatessasi ilmoitathan mink\u00e4 mikropiirin haluat. Mik\u00e4li haluat tilata useamman kuin yhden kappaleen, voit varmistaa varastotilanteen viestill\u00e4. Tilaus toimitetaan kirjeell\u00e4 mik\u00e4li mahdollista. Valmistaja voi vaihdella.AM275291APC<\/p>","protected":false},"featured_media":27014,"template":"","meta":[],"_links":{"self":[{"href":"https:\/\/www.radiomarket.fi\/en\/wp-json\/wp\/v2\/product\/27012"}],"collection":[{"href":"https:\/\/www.radiomarket.fi\/en\/wp-json\/wp\/v2\/product"}],"about":[{"href":"https:\/\/www.radiomarket.fi\/en\/wp-json\/wp\/v2\/types\/product"}],"wp:featuredmedia":[{"embeddable":true,"href":"https:\/\/www.radiomarket.fi\/en\/wp-json\/wp\/v2\/media\/27014"}],"wp:attachment":[{"href":"https:\/\/www.radiomarket.fi\/en\/wp-json\/wp\/v2\/media?parent=27012"}],"curies":[{"name":"wp","href":"https:\/\/api.w.org\/{rel}","templated":true}]}}